{"id":3151,"date":"2025-07-30T17:01:11","date_gmt":"2025-07-30T15:01:11","guid":{"rendered":"https:\/\/asseco-ce.cloud\/?page_id=3151"},"modified":"2026-01-21T15:57:29","modified_gmt":"2026-01-21T14:57:29","slug":"amazon-web-services-aws","status":"publish","type":"page","link":"https:\/\/asseco-ce.cloud\/en\/outsourcing-it-services\/amazon-web-services-aws\/","title":{"rendered":"Amazon Web Services (AWS)"},"content":{"rendered":"<div class=\"wp-block-columns alignwide is-style-container is-layout-flex wp-container-core-columns-is-layout-28f84493 wp-block-columns-is-layout-flex\">\n<div class=\"wp-block-column is-layout-flow wp-block-column-is-layout-flow\" style=\"flex-basis:85%\">\n<div class=\"wp-block-group is-vertical is-layout-flex wp-container-core-group-is-layout-ccbee36c wp-block-group-is-layout-flex\">\n<div style=\"height:0px\" aria-hidden=\"true\" class=\"wp-block-spacer wp-container-content-6388d5dc\"><\/div>\n\n\n\n<h2 class=\"wp-block-heading has-accent-color has-text-color has-link-color has-primary-font-family wp-elements-d9796bbb593847a0ddc8e53c97029236\">Your business in the cloud \u2013 safe, <br>efficient and scalable with Asseco CE Cloud.<\/h2>\n<\/div>\n\n\n\n<div class=\"wp-block-group is-nowrap is-layout-flex wp-container-core-group-is-layout-6c531013 wp-block-group-is-layout-flex\">\n<p class=\"has-primary-font-family\">We are a certified AWS partner, helping companies implement modern cloud infrastructure. Thanks to our strong project presence in Central Europe, we are a partner that delivers reliable, tailor-made cloud solutions. Our support includes not only technical implementation but also expert consulting and regular service maintenance.<\/p>\n<\/div>\n<\/div>\n\n\n\n<div class=\"wp-block-column is-vertically-aligned-center is-layout-flow wp-block-column-is-layout-flow\" style=\"flex-basis:15%\">\n<figure class=\"wp-block-image aligncenter size-full is-style-default\"><img decoding=\"async\" width=\"1000\" height=\"1000\" data-image-position=\"1\" src=\"https:\/\/asseco-ce.cloud\/wp-content\/uploads\/2026\/01\/AWS-Partner-Select-Tier-Services.png\" alt class=\"wp-image-5732 f-content__image\" srcset=\"https:\/\/asseco-ce.cloud\/wp-content\/uploads\/2026\/01\/AWS-Partner-Select-Tier-Services.png 1000w, https:\/\/asseco-ce.cloud\/wp-content\/uploads\/2026\/01\/AWS-Partner-Select-Tier-Services-300x300.png 300w, https:\/\/asseco-ce.cloud\/wp-content\/uploads\/2026\/01\/AWS-Partner-Select-Tier-Services-150x150.png 150w, https:\/\/asseco-ce.cloud\/wp-content\/uploads\/2026\/01\/AWS-Partner-Select-Tier-Services-768x768.png 768w, https:\/\/asseco-ce.cloud\/wp-content\/uploads\/2026\/01\/AWS-Partner-Select-Tier-Services-12x12.png 12w, https:\/\/asseco-ce.cloud\/wp-content\/uploads\/2026\/01\/AWS-Partner-Select-Tier-Services-240x240.png 240w\" sizes=\"(max-width: 1000px) 100vw, 1000px\" fetchpriority=\"high\"><\/figure>\n<\/div>\n<\/div>\n\n\n\n<section class=\"wp-block-group alignwide is-style-form has-background-background-color has-background is-vertical is-layout-flex wp-container-core-group-is-layout-fe9cc265 wp-block-group-is-layout-flex\" id=\"profil-spolocnosti\">\n<header class=\"wp-block-group is-vertical is-layout-flex wp-container-core-group-is-layout-ccbee36c wp-block-group-is-layout-flex\">\n<h2 class=\"wp-block-heading has-primary-color has-text-color\">Your path to the cloud<\/h2>\n\n\n\n<p><\/p>\n<\/header>\n\n\n\n<div class=\"wp-block-columns is-layout-flex wp-container-core-columns-is-layout-28232c24 wp-block-columns-is-layout-flex\">\n<div class=\"wp-block-column is-layout-flow wp-block-column-is-layout-flow\">\n<div class=\"wp-block-group is-style-timeline has-global-padding is-layout-constrained wp-container-core-group-is-layout-ef7f83af wp-block-group-is-layout-constrained\">\n<h2 class=\"wp-block-heading is-style-default has-primary-color has-text-color has-h-6-font-size\">AWS strategy<\/h2>\n\n\n\n<p class=\"has-primary-color has-text-color\">We provide expert guidance during planning and the actual AWS adoption, ensuring your transition to the cloud is smooth and seamless.<\/p>\n<\/div>\n<\/div>\n\n\n\n<div class=\"wp-block-column is-layout-flow wp-block-column-is-layout-flow\">\n<div class=\"wp-block-group is-style-timeline has-global-padding is-layout-constrained wp-container-core-group-is-layout-ef7f83af wp-block-group-is-layout-constrained\">\n<h2 class=\"wp-block-heading has-primary-color has-text-color has-h-6-font-size\">Consultation on AWS<\/h2>\n\n\n\n<p class=\"has-primary-color has-text-color\">Poskytneme odborn\u00e9 vedenie pri pl\u00e1novan\u00ed aj samotnej adapt\u00e1ci\u00ed na AWS tak, aby bol v\u00e1\u0161 prechod do cloudu plynul\u00fd a&nbsp;bezprobl\u00e9mov\u00fd.<\/p>\n<\/div>\n<\/div>\n\n\n\n<div class=\"wp-block-column is-layout-flow wp-block-column-is-layout-flow\">\n<div class=\"wp-block-group is-style-timeline has-global-padding is-layout-constrained wp-container-core-group-is-layout-ef7f83af wp-block-group-is-layout-constrained\">\n<h2 class=\"wp-block-heading has-primary-color has-text-color has-h-6-font-size\">Migration to AWS<\/h2>\n\n\n\n<p class=\"has-primary-color has-text-color\">Identifikujeme najoptim\u00e1lnej\u0161iu cestu v\u00e1\u0161ho prechodu na platformu AWS a&nbsp;postar\u00e1me sa o&nbsp;bezstarostn\u00fa implement\u00e1ciu.<\/p>\n<\/div>\n<\/div>\n\n\n\n<div class=\"wp-block-column is-layout-flow wp-block-column-is-layout-flow\">\n<div class=\"wp-block-group is-style-timeline has-global-padding is-layout-constrained wp-container-core-group-is-layout-ef7f83af wp-block-group-is-layout-constrained\">\n<h2 class=\"wp-block-heading has-primary-color has-text-color has-h-6-font-size\">Comprehensive support <\/h2>\n\n\n\n<p class=\"has-primary-color has-text-color\">We are fully available to you at every stage, from strategy to operational support.<\/p>\n<\/div>\n<\/div>\n<\/div>\n<\/section>\n\n\n\n<p><\/p>\n\n\n\n<h3 class=\"wp-block-heading\">AWS Experts<\/h3>\n\n\n\n<p>Every successful cloud migration stands on a team of specialists who consider every detail. Our AWS team holds specialized certifications underlining our expertise \u2013 covering technical presales, post-sales, deployment, marketing, and operational support.<\/p>\n\n\n\n<figure class=\"wp-block-image aligncenter size-large is-resized\"><img decoding=\"async\" width=\"262\" height=\"150\" src=\"data:image\/svg+xml,%3Csvg%20width%3D%22262%22%20height%3D%22150%22%20xmlns%3D%22http:\/\/www.w3.org\/2000\/svg%22%20viewBox%3D%220%200%20262%20150%22%3E%3C\/svg%3E\" alt class=\"wp-image-3667 f-content__image f-lazy js-lazy\" style=\"width:254px;height:auto\" data-src=\"https:\/\/asseco-ce.cloud\/wp-content\/uploads\/2025\/09\/CP-SA.png\" data-srcset=\"https:\/\/asseco-ce.cloud\/wp-content\/uploads\/2025\/09\/CP-SA.png 262w, https:\/\/asseco-ce.cloud\/wp-content\/uploads\/2025\/09\/CP-SA-18x10.png 18w\" data-sizes=\"(max-width: 262px) 100vw, 262px\" fetchpriority=\"low\"><\/figure>\n\n\n\n<h3 class=\"wp-block-heading is-style-default\">Our specialization <\/h3>\n\n\n\n<div class=\"wp-block-group is-style-decorative-left is-vertical is-layout-flex wp-container-core-group-is-layout-37c386f8 wp-block-group-is-layout-flex\" style=\"padding-left:var(--wp--preset--spacing--xl)\">\n<div class=\"wp-block-group is-vertical is-layout-flex wp-container-core-group-is-layout-ccbee36c wp-block-group-is-layout-flex\">\n<h5 class=\"wp-block-heading has-accent-color has-text-color has-link-color wp-elements-606837dba2e3e3cdaceb1d911abceff7\">Managed Services<\/h5>\n<\/div>\n\n\n\n<ul class=\"wp-block-list is-style-caret\">\n<li>Day-to-day management, patching, and backup<\/li>\n\n\n\n<li>Proactive monitoring and real-time incident response \u2013 with a defined SLA and an expert team in the background.<\/li>\n\n\n\n<li>AWS best security practices and help with regulatory compliance (GDPR, ISO 27001, NIS2, DORA)<\/li>\n\n\n\n<li>&nbsp;Fast application deployment thanks to automation and DevOps approaches<\/li>\n\n\n\n<li>&nbsp;Transparent costs and flexibility<\/li>\n<\/ul>\n<\/div>\n\n\n\n<div class=\"wp-block-group is-style-decorative-left is-vertical is-content-justification-left is-layout-flex wp-container-core-group-is-layout-7e27f23d wp-block-group-is-layout-flex\" style=\"padding-left:var(--wp--preset--spacing--xl)\">\n<div class=\"wp-block-group is-vertical is-layout-flex wp-container-core-group-is-layout-ccbee36c wp-block-group-is-layout-flex\">\n<h5 class=\"wp-block-heading has-accent-color has-text-color has-link-color wp-elements-be9ceaa9a89a081bdbf06e90585ef7e3\">Security <\/h5>\n<\/div>\n\n\n\n<ul class=\"wp-block-list is-style-caret\">\n<li>&nbsp;Real-time threat protection<\/li>\n\n\n\n<li>&nbsp;Zero Trust approach and identity management<\/li>\n\n\n\n<li>&nbsp;Continuous infrastructure and data security<\/li>\n\n\n\n<li>&nbsp;Compliance with regulatory requirements<\/li>\n\n\n\n<li>&nbsp;Security as a Service<\/li>\n<\/ul>\n<\/div>\n\n\n\n<div class=\"wp-block-group is-style-decorative-left is-vertical is-layout-flex wp-container-core-group-is-layout-37c386f8 wp-block-group-is-layout-flex\" style=\"padding-left:var(--wp--preset--spacing--xl)\">\n<div class=\"wp-block-group is-vertical is-layout-flex wp-container-core-group-is-layout-ccbee36c wp-block-group-is-layout-flex\">\n<h5 class=\"wp-block-heading has-accent-color has-text-color has-link-color wp-elements-43bd606f456fe715814d1a2dc80481f4\">IaC, Automation<\/h5>\n<\/div>\n\n\n\n<ul class=\"wp-block-list is-style-caret\">\n<li>&nbsp;Faster and repeatable deployments<\/li>\n\n\n\n<li>&nbsp;Versioning and auditable changes<\/li>\n\n\n\n<li>&nbsp;Lower error rate and higher stability<\/li>\n\n\n\n<li>&nbsp;Quick onboarding and scaling<\/li>\n\n\n\n<li>&nbsp;Integration with DevOps and pipeline tools<\/li>\n<\/ul>\n<\/div>\n\n\n\n<div class=\"wp-block-group is-style-decorative-left is-vertical is-content-justification-left is-layout-flex wp-container-core-group-is-layout-7e27f23d wp-block-group-is-layout-flex\" style=\"padding-left:var(--wp--preset--spacing--xl)\">\n<div class=\"wp-block-group is-vertical is-layout-flex wp-container-core-group-is-layout-ccbee36c wp-block-group-is-layout-flex\">\n<h5 class=\"wp-block-heading has-accent-color has-text-color has-link-color wp-elements-da1d267e116ff71db025d6e32a0b7488\">Well Architectured Framework<\/h5>\n<\/div>\n\n\n\n<ul class=\"wp-block-list is-style-caret\">\n<li>&nbsp;Architecture verified by AWS best practices<\/li>\n\n\n\n<li>Increased reliability and security according to AWS standards<\/li>\n\n\n\n<li>Cost optimization<\/li>\n\n\n\n<li>Obtaining Well-Architected warranty and funding (WAFR Credit Program)<\/li>\n\n\n\n<li>Fast improvements thanks to a specific plan of remedial measures<\/li>\n<\/ul>\n<\/div>\n\n\n\n<div class=\"wp-block-group is-style-decorative-left is-vertical is-layout-flex wp-container-core-group-is-layout-37c386f8 wp-block-group-is-layout-flex\" style=\"padding-left:var(--wp--preset--spacing--xl)\">\n<div class=\"wp-block-group is-vertical is-layout-flex wp-container-core-group-is-layout-ccbee36c wp-block-group-is-layout-flex\">\n<h5 class=\"wp-block-heading has-accent-color has-text-color has-link-color wp-elements-55215041f4a6cb14c8ed6b4efd3a4f09\">Consultation<\/h5>\n<\/div>\n\n\n\n<ul class=\"wp-block-list is-style-caret\">\n<li>&nbsp;Years of experience with complex infrastructure in public administration, healthcare, and the financial sector<\/li>\n\n\n\n<li>Knowledge of your IT environment \u2013 from physical servers, through hybrid cloud, to cloud native<\/li>\n\n\n\n<li>Individual approach to migration and modernization<\/li>\n\n\n\n<li>Smooth transition to the cloud without interruption of operations<\/li>\n<\/ul>\n<\/div>\n\n\n\n<p><\/p>\n\n\n\n<p><\/p>\n\n\n\n<p><\/p>\n\n\n\n<h2 class=\"wp-block-heading\">Contact us <\/h2>\n\n\n\n<p>Would you like to learn more about Amazon Web Services or require assistance?&nbsp;<br>Please complete the contact form, and one of our sales representatives will contact you shortly.&nbsp;<\/p>\n\n\n\n<div class=\"wp-block-contact-form-7-contact-form-selector\">\n<div class=\"wpcf7 no-js\" id=\"wpcf7-f12-o1\" lang=\"sk-SK\" dir=\"ltr\" data-wpcf7-id=\"12\">\n<div class=\"screen-reader-response\"><p role=\"status\" aria-live=\"polite\" aria-atomic=\"true\"><\/p> <ul><\/ul><\/div>\n<form action=\"\/en\/wp-json\/wp\/v2\/pages\/3151#wpcf7-f12-o1\" method=\"post\" class=\"wpcf7-form init\" aria-label=\"Contact form\" novalidate=\"novalidate\" data-status=\"init\" data-trp-original-action=\"\/en\/wp-json\/wp\/v2\/pages\/3151#wpcf7-f12-o1\">\n<div style=\"display: none;\">\n<input type=\"hidden\" name=\"_wpcf7\" value=\"12\" \/>\n<input type=\"hidden\" name=\"_wpcf7_version\" value=\"6.0.5\" \/>\n<input type=\"hidden\" name=\"_wpcf7_locale\" value=\"sk_SK\" \/>\n<input type=\"hidden\" name=\"_wpcf7_unit_tag\" value=\"wpcf7-f12-o1\" \/>\n<input type=\"hidden\" name=\"_wpcf7_container_post\" value=\"0\" \/>\n<input type=\"hidden\" name=\"_wpcf7_posted_data_hash\" value=\"\" \/>\n<input type=\"hidden\" name=\"_wpcf7_recaptcha_response\" value=\"\" \/>\n<\/div>\n<div class=\"f-form f-form--cf7 a-flex a-gap-row--0 a-gap-col--m\">\n\t<div class=\"a-flex__item--100\">\n\t\t<div class=\"f-field a-field\">\n\t\t\t<label for=\"your-name\" class=\"f-label a-label\">Name and surname <abbr title=\"Mandatory\">&#10043;<\/abbr><\/label>\n          <span class=\"wpcf7-form-control-wrap\" data-name=\"your-name\"><input size=\"40\" maxlength=\"400\" class=\"wpcf7-form-control wpcf7-text wpcf7-validates-as-required\" id=\"your-name\" aria-required=\"true\" aria-invalid=\"false\" placeholder=\"Fill in your name...\" value=\"\" type=\"text\" name=\"your-name\" \/><\/span>\n\t\t<\/div>\n\t<\/div>\n\t<div class=\"a-flex__item--100\">\n\t\t<div class=\"f-field a-field\">\n\t\t\t<label for=\"your-company\" class=\"f-label a-label\">Company<\/label>\n          <span class=\"wpcf7-form-control-wrap\" data-name=\"your-company\"><input size=\"40\" maxlength=\"400\" class=\"wpcf7-form-control wpcf7-text\" id=\"your-company\" aria-invalid=\"false\" placeholder=\"Enter your company name...\" value=\"\" type=\"text\" name=\"your-company\" \/><\/span>\n\t\t<\/div>\n\t<\/div>\n\t<div class=\"a-flex__item--100\">\n\t\t<div class=\"f-field a-field\">\n\t\t\t<label for=\"your-email\" class=\"f-label a-label\">Email <abbr title=\"Mandatory\">&#10043;<\/abbr><\/label>\n          <span class=\"wpcf7-form-control-wrap\" data-name=\"your-email\"><input size=\"40\" maxlength=\"400\" class=\"wpcf7-form-control wpcf7-email wpcf7-validates-as-required wpcf7-text wpcf7-validates-as-email\" id=\"your-email\" aria-required=\"true\" aria-invalid=\"false\" placeholder=\"Fill in your email...\" value=\"\" type=\"email\" name=\"your-email\" \/><\/span>\n\t\t<\/div>\n\t<\/div>\n\t<div class=\"a-flex__item--100\">\n\t\t<div class=\"f-field a-field\">\n\t\t\t<label for=\"your-phone\" class=\"f-label a-label\">Phone <abbr title=\"Mandatory\">&#10043;<\/abbr><\/label>\n          <span class=\"wpcf7-form-control-wrap\" data-name=\"your-phone\"><input size=\"40\" maxlength=\"400\" class=\"wpcf7-form-control wpcf7-text wpcf7-validates-as-required\" id=\"your-phone\" aria-required=\"true\" aria-invalid=\"false\" placeholder=\"Fill your phone...\" value=\"\" type=\"text\" name=\"your-phone\" \/><\/span>\n\t\t<\/div>\n\t<\/div>\n\t<div class=\"a-flex__item--100\">\n\t\t<div class=\"f-field f-field--message a-field\">\n\t\t\t<label for=\"your-message\" class=\"f-label a-label\">Message<\/label>\n          <span class=\"wpcf7-form-control-wrap\" data-name=\"your-message\"><textarea cols=\"40\" rows=\"3\" maxlength=\"2000\" class=\"wpcf7-form-control wpcf7-textarea\" id=\"your-message\" aria-invalid=\"false\" placeholder=\"Fill in your message...\" name=\"your-message\"><\/textarea><\/span>\n\t\t<\/div>\n\t<\/div>\n\t<div class=\"a-flex__item--100\">\n\t\t<div class=\"f-form__terms a-form__terms\">\n          By submitting the form, you agree to the processing of personal data necessary to process your enquiry.\n\t\t<\/div>\n\t<\/div>\n\t<div class=\"a-flex__item--100\">\n\t\t<div class=\"f-form__submit\">\n          <div class=\"wpcf7-response-output\" aria-hidden=\"true\"><\/div>\n          <input class=\"wpcf7-form-control wpcf7-submit has-spinner\" type=\"submit\" value=\"To send\" \/>\n\t\t<\/div>\n\t<\/div>\n<\/div>\n<input type=\"hidden\" name=\"trp-form-language\" value=\"en\"\/><\/form>\n<\/div>\n<\/div>","protected":false},"excerpt":{"rendered":"<p>V\u00e1\u0161 biznis v oblakoch \u2013 bezpe\u010dne, efekt\u00edvne, \u0161k\u00e1lovate\u013ene s Asseco CE Cloud. Sme certifikovan\u00fdm partnerom AWS a\u00a0pom\u00e1hame firm\u00e1m s\u00a0implement\u00e1ciou modernej cloudovej infra\u0161trukt\u00fary. V\u010faka siln\u00e9mu projektov\u00e9mu zast\u00fapeniu v\u00a0strednej Eur\u00f3pe sme partner, ktor\u00fd prin\u00e1\u0161a spo\u013eahliv\u00e9 cloudov\u00e9 rie\u0161enia \u0161it\u00e9 na mieru. Na\u0161a podpora zah\u0155\u0148a nielen &#8230;<\/p>","protected":false},"author":2,"featured_media":3234,"parent":7,"menu_order":0,"comment_status":"closed","ping_status":"closed","template":"","meta":{"_seopress_robots_primary_cat":"","_seopress_titles_title":"Amazon Web Services | Asseco CE Cloud","_seopress_titles_desc":"Poskytovan\u00e9 slu\u017eby Amazon Web Services \u2705 Rie\u0161enia na mieru \u2705 Certifikovan\u00fd partner Asseco CE Cloud.","_seopress_robots_index":"","inline_featured_image":false,"_uf_show_specific_survey":0,"_uf_disable_surveys":false,"footnotes":""},"class_list":["post-3151","page","type-page","status-publish","has-post-thumbnail","hentry"],"_links":{"self":[{"href":"https:\/\/asseco-ce.cloud\/en\/wp-json\/wp\/v2\/pages\/3151","targetHints":{"allow":["GET"]}}],"collection":[{"href":"https:\/\/asseco-ce.cloud\/en\/wp-json\/wp\/v2\/pages"}],"about":[{"href":"https:\/\/asseco-ce.cloud\/en\/wp-json\/wp\/v2\/types\/page"}],"author":[{"embeddable":true,"href":"https:\/\/asseco-ce.cloud\/en\/wp-json\/wp\/v2\/users\/2"}],"replies":[{"embeddable":true,"href":"https:\/\/asseco-ce.cloud\/en\/wp-json\/wp\/v2\/comments?post=3151"}],"version-history":[{"count":90,"href":"https:\/\/asseco-ce.cloud\/en\/wp-json\/wp\/v2\/pages\/3151\/revisions"}],"predecessor-version":[{"id":5734,"href":"https:\/\/asseco-ce.cloud\/en\/wp-json\/wp\/v2\/pages\/3151\/revisions\/5734"}],"up":[{"embeddable":true,"href":"https:\/\/asseco-ce.cloud\/en\/wp-json\/wp\/v2\/pages\/7"}],"wp:featuredmedia":[{"embeddable":true,"href":"https:\/\/asseco-ce.cloud\/en\/wp-json\/wp\/v2\/media\/3234"}],"wp:attachment":[{"href":"https:\/\/asseco-ce.cloud\/en\/wp-json\/wp\/v2\/media?parent=3151"}],"curies":[{"name":"wp","href":"https:\/\/api.w.org\/{rel}","templated":true}]}}