{"id":666,"date":"2024-03-06T13:33:23","date_gmt":"2024-03-06T12:33:23","guid":{"rendered":"https:\/\/asseco-ce.cloud\/?page_id=666"},"modified":"2025-07-03T12:53:50","modified_gmt":"2025-07-03T10:53:50","slug":"kariera","status":"publish","type":"page","link":"https:\/\/asseco-ce.cloud\/cs\/kariera\/","title":{"rendered":"Kari\u00e9ra"},"content":{"rendered":"<section class=\"wp-block-cover alignfull is-light has-custom-content-position is-position-top-center career-hero-section\" style=\"min-height:650px;aspect-ratio:unset;\"><img decoding=\"async\" width=\"1920\" height=\"657\" data-image-position=\"1\" class=\"wp-block-cover__image-background wp-image-888 f-content__image\" alt src=\"https:\/\/asseco-ce.cloud\/wp-content\/uploads\/2024\/03\/kariera_pozadie-min.jpg\" data-object-fit=\"cover\" srcset=\"https:\/\/asseco-ce.cloud\/wp-content\/uploads\/2024\/03\/kariera_pozadie-min.jpg 1920w, https:\/\/asseco-ce.cloud\/wp-content\/uploads\/2024\/03\/kariera_pozadie-min-300x103.jpg 300w, https:\/\/asseco-ce.cloud\/wp-content\/uploads\/2024\/03\/kariera_pozadie-min-1024x350.jpg 1024w, https:\/\/asseco-ce.cloud\/wp-content\/uploads\/2024\/03\/kariera_pozadie-min-768x263.jpg 768w, https:\/\/asseco-ce.cloud\/wp-content\/uploads\/2024\/03\/kariera_pozadie-min-1536x526.jpg 1536w, https:\/\/asseco-ce.cloud\/wp-content\/uploads\/2024\/03\/kariera_pozadie-min-18x6.jpg 18w\" sizes=\"(max-width: 1920px) 100vw, 1920px\" fetchpriority=\"high\"><span aria-hidden=\"true\" class=\"wp-block-cover__background has-background-dim-0 has-background-dim\"><\/span><div class=\"wp-block-cover__inner-container has-global-padding is-layout-constrained wp-block-cover-is-layout-constrained\">\n<div style=\"height:52px\" aria-hidden=\"true\" class=\"wp-block-spacer\"><\/div>\n\n\n\n<div class=\"wp-block-group has-global-padding is-layout-constrained wp-block-group-is-layout-constrained\">\n<p class=\"has-contrast-color has-text-color has-link-color wp-elements-a64290ae390ac6cbc6abd052ca4d6908\" style=\"margin-top:8px;margin-bottom:8px\">KARI\u00c9RA<\/p>\n<\/div>\n\n\n\n<h1 class=\"wp-block-heading is-style-default has-contrast-color has-text-color has-link-color has-title-font-size wp-elements-824fe18fa619d3093a04b3b95eb22905\" style=\"margin-top:0;margin-bottom:0;font-style:normal;font-weight:800\">Kari\u00e9ra v Asseco CE Cloud<\/h1>\n\n\n\n<h2 class=\"wp-block-heading has-accent-color has-text-color has-link-color wp-elements-40e1408b234d9bb7dea19d32078ab991\">P\u0159idejte se k na\u0161emu t\u00fdmu<\/h2>\n<\/div><\/section>\n\n\n\n<div style=\"height:72px\" aria-hidden=\"true\" class=\"wp-block-spacer\"><\/div>\n\n\n\n<div class=\"wp-block-create-block-tabs side-tab-layout career-tabs-block\"><ul class=\"tab-labels\" role=\"tablist\" aria-label=\"tabbed content\"><li class=\"tab-label active\" role=\"tab\" aria-selected=\"true\" aria-controls=\"Pre\u010do Asseco CE Cloud\" tabindex=\"0\">Pro\u010d Asseco CE Cloud<\/li><li class=\"tab-label\" role=\"tab\" aria-selected=\"false\" aria-controls=\"Pracovn\u00e9 ponuky SK\" tabindex=\"0\">Pracovn\u00ed nab\u00eddky SK<\/li><li class=\"tab-label\" role=\"tab\" aria-selected=\"false\" aria-controls=\"Pracovn\u00e9 ponuky CZ\" tabindex=\"0\">Pracovn\u00ed nab\u00eddky CZ<\/li><li class=\"tab-label\" role=\"tab\" aria-selected=\"false\" aria-controls=\"\" tabindex=\"0\"><\/li><\/ul><div class=\"tab-content\">\n<div class=\"wp-block-create-block-tab tab-panel\" role=\"tabpanel\" tabindex=\"0\">\n<h2 class=\"wp-block-heading has-h-2-font-size\" style=\"padding-right:0;padding-left:0\">Pro\u010d Asseco CE Cloud<\/h2>\n\n\n\n<div style=\"height:40px\" aria-hidden=\"true\" class=\"wp-block-spacer\"><\/div>\n\n\n\n<div class=\"wp-block-columns is-layout-flex wp-container-core-columns-is-layout-a2c7aeb4 wp-block-columns-is-layout-flex\" style=\"margin-bottom:80px;padding-right:0;padding-left:0\">\n<div class=\"wp-block-column is-layout-flow wp-block-column-is-layout-flow\" style=\"flex-basis:25%\">\n<div class=\"wp-block-group career-advantage-wrapper is-vertical is-content-justification-center is-layout-flex wp-container-core-group-is-layout-1a31e274 wp-block-group-is-layout-flex\">\n<figure class=\"wp-block-image size-large is-resized\"><img decoding=\"async\" width=\"576\" height=\"512\" src=\"data:image\/svg+xml,%3Csvg%20width%3D%22576%22%20height%3D%22512%22%20xmlns%3D%22http:\/\/www.w3.org\/2000\/svg%22%20viewBox%3D%220%200%20576%20512%22%3E%3C\/svg%3E\" alt class=\"wp-image-1043 f-content__image f-lazy js-lazy\" style=\"object-fit:contain;width:50px;height:50px\" data-src=\"https:\/\/asseco-ce.cloud\/wp-content\/uploads\/2024\/03\/kotva_ikona.svg\" fetchpriority=\"low\"><\/figure>\n\n\n\n<p class=\"has-text-align-center\"><strong>Stabilita s<br>perspektivou<\/strong><\/p>\n<\/div>\n<\/div>\n\n\n\n<div class=\"wp-block-column is-layout-flow wp-block-column-is-layout-flow\" style=\"flex-basis:25%\">\n<div class=\"wp-block-group career-advantage-wrapper is-vertical is-content-justification-center is-layout-flex wp-container-core-group-is-layout-1a31e274 wp-block-group-is-layout-flex\">\n<figure class=\"wp-block-image size-large is-resized\"><img decoding=\"async\" width=\"512\" height=\"512\" src=\"data:image\/svg+xml,%3Csvg%20width%3D%22512%22%20height%3D%22512%22%20xmlns%3D%22http:\/\/www.w3.org\/2000\/svg%22%20viewBox%3D%220%200%20512%20512%22%3E%3C\/svg%3E\" alt=\"zem_ikona\" class=\"wp-image-1045 f-content__image f-lazy js-lazy\" style=\"object-fit:contain;width:50px;height:50px\" data-src=\"https:\/\/asseco-ce.cloud\/wp-content\/uploads\/2024\/03\/zem_ikona.svg\" fetchpriority=\"low\"><\/figure>\n\n\n\n<p class=\"has-text-align-center\"><strong>Mezin\u00e1rodn\u00ed<br>projekty<\/strong><\/p>\n<\/div>\n<\/div>\n\n\n\n<div class=\"wp-block-column is-layout-flow wp-block-column-is-layout-flow\" style=\"flex-basis:25%\">\n<div class=\"wp-block-group career-advantage-wrapper is-vertical is-content-justification-center is-layout-flex wp-container-core-group-is-layout-1a31e274 wp-block-group-is-layout-flex\">\n<figure class=\"wp-block-image size-large is-resized\"><img decoding=\"async\" width=\"512\" height=\"512\" src=\"data:image\/svg+xml,%3Csvg%20width%3D%22512%22%20height%3D%22512%22%20xmlns%3D%22http:\/\/www.w3.org\/2000\/svg%22%20viewBox%3D%220%200%20512%20512%22%3E%3C\/svg%3E\" alt class=\"wp-image-1046 f-content__image f-lazy js-lazy\" style=\"object-fit:contain;width:50px;height:50px\" data-src=\"https:\/\/asseco-ce.cloud\/wp-content\/uploads\/2024\/03\/sipka_dole_ikona.svg\" fetchpriority=\"low\"><\/figure>\n\n\n\n<p class=\"has-text-align-center\"><strong>Lok\u00e1ln\u00ed autonomn\u00ed<br>management<\/strong><\/p>\n<\/div>\n<\/div>\n\n\n\n<div class=\"wp-block-column is-layout-flow wp-block-column-is-layout-flow\" style=\"flex-basis:25%\">\n<div class=\"wp-block-group career-advantage-wrapper is-vertical is-content-justification-center is-layout-flex wp-container-core-group-is-layout-1a31e274 wp-block-group-is-layout-flex\">\n<figure class=\"wp-block-image size-large is-resized\"><img decoding=\"async\" width=\"512\" height=\"512\" src=\"data:image\/svg+xml,%3Csvg%20width%3D%22512%22%20height%3D%22512%22%20xmlns%3D%22http:\/\/www.w3.org\/2000\/svg%22%20viewBox%3D%220%200%20512%20512%22%3E%3C\/svg%3E\" alt=\"puzzle_ikona\" class=\"wp-image-1047 f-content__image f-lazy js-lazy\" style=\"object-fit:contain;width:50px;height:50px\" data-src=\"https:\/\/asseco-ce.cloud\/wp-content\/uploads\/2024\/03\/puzzle_ikona.svg\" fetchpriority=\"low\"><\/figure>\n\n\n\n<p class=\"has-text-align-center\"><strong>Dynamick\u00e9<br>t\u00fdmov\u00e9 prost\u0159ed\u00ed<\/strong><\/p>\n<\/div>\n<\/div>\n<\/div>\n\n\n\n<div class=\"wp-block-group has-global-padding is-layout-constrained wp-container-core-group-is-layout-d9405499 wp-block-group-is-layout-constrained\" style=\"margin-bottom:80px;padding-right:0;padding-left:0\">\n<p>Jsme sou\u010d\u00e1st\u00ed siln\u00e9 mezin\u00e1rodn\u00ed skupiny. Nab\u00edz\u00edme stabiln\u00ed zam\u011bstn\u00e1n\u00ed s perspektivou kari\u00e9rn\u00edho a profesn\u00edho r\u016fstu. S n\u00e1mi m\u00e1te mo\u017enost zapojit se do velk\u00fdch IT projekt\u016f v r\u016fznorod\u00fdch business segmentech na slovensk\u00e9m, \u010desk\u00e9m i mezin\u00e1rodn\u00edm trhu. Z\u00e1le\u017e\u00ed n\u00e1m na spokojenosti na\u0161ich zam\u011bstnanc\u016f, proto je na\u0161\u00ed prioritou vytvo\u0159it p\u0159\u00e1telskou a vst\u0159\u00edcnou atmosf\u00e9ru, ve kter\u00e9 se budou c\u00edtit motivovan\u00ed. Jsme spole\u010densky odpov\u011bdn\u00e1 firma.<\/p>\n<\/div>\n\n\n\n<div class=\"wp-block-group is-vertical is-layout-flex wp-container-core-group-is-layout-038ecb06 wp-block-group-is-layout-flex\" style=\"padding-right:0;padding-left:0\">\n<div class=\"wp-block-group career-advantage-row-wrapper is-nowrap is-layout-flex wp-container-core-group-is-layout-b6b71352 wp-block-group-is-layout-flex\" style=\"padding-right:0;padding-left:0\">\n<figure class=\"wp-block-image size-full is-resized career-advantage-big-circle\"><img decoding=\"async\" width=\"512\" height=\"512\" src=\"data:image\/svg+xml,%3Csvg%20width%3D%22512%22%20height%3D%22512%22%20xmlns%3D%22http:\/\/www.w3.org\/2000\/svg%22%20viewBox%3D%220%200%20512%20512%22%3E%3C\/svg%3E\" alt class=\"wp-image-1048 f-content__image f-lazy js-lazy\" style=\"aspect-ratio:1;object-fit:contain;width:84px\" data-src=\"https:\/\/asseco-ce.cloud\/wp-content\/uploads\/2024\/03\/hodiny_ikona.svg\" fetchpriority=\"low\"><\/figure>\n\n\n\n<div class=\"wp-block-group is-vertical is-layout-flex wp-container-core-group-is-layout-b2c973f4 wp-block-group-is-layout-flex\">\n<p><strong>Pracovn\u00ed doba<\/strong><\/p>\n\n\n\n<p>pru\u017en\u00e1 pracovn\u00ed doba, pru\u017en\u00e1 pracovn\u00ed dovolen\u00e1, Home Office, Sick Day, volno nad r\u00e1mec z\u00e1kona\n(otec u porodu, svatba, st\u011bhov\u00e1n\u00ed, rodi\u010d samo\u017eivitel, st\u00e1tn\u00ed sv\u00e1tky, promoce).<\/p>\n<\/div>\n<\/div>\n\n\n\n<div class=\"wp-block-group career-advantage-row-wrapper is-nowrap is-layout-flex wp-container-core-group-is-layout-b6b71352 wp-block-group-is-layout-flex\" style=\"padding-right:0;padding-left:0\">\n<figure class=\"wp-block-image size-full is-resized career-advantage-big-circle\"><img decoding=\"async\" width=\"640\" height=\"512\" src=\"data:image\/svg+xml,%3Csvg%20width%3D%22640%22%20height%3D%22512%22%20xmlns%3D%22http:\/\/www.w3.org\/2000\/svg%22%20viewBox%3D%220%200%20640%20512%22%3E%3C\/svg%3E\" alt class=\"wp-image-1049 f-content__image f-lazy js-lazy\" style=\"object-fit:contain;width:84px;height:84px\" data-src=\"https:\/\/asseco-ce.cloud\/wp-content\/uploads\/2024\/03\/capica_ikona.svg\" fetchpriority=\"low\"><\/figure>\n\n\n\n<div class=\"wp-block-group is-vertical is-layout-flex wp-container-core-group-is-layout-b2c973f4 wp-block-group-is-layout-flex\">\n<p><strong>Vzd\u011bl\u00e1v\u00e1n\u00ed a rozvoj<\/strong><\/p>\n\n\n\n<p>ACE Academy - intern\u00ed \u0161kolen\u00ed, profesn\u00ed certifikace, inspirativn\u00ed workshopy, vzd\u011bl\u00e1v\u00e1n\u00ed vedouc\u00edch\npracovn\u00edk\u016f<\/p>\n<\/div>\n<\/div>\n\n\n\n<div class=\"wp-block-group career-advantage-row-wrapper is-nowrap is-layout-flex wp-container-core-group-is-layout-b6b71352 wp-block-group-is-layout-flex\" style=\"padding-right:0;padding-left:0\">\n<figure class=\"wp-block-image size-large is-resized career-advantage-big-circle\"><img decoding=\"async\" width=\"576\" height=\"512\" src=\"data:image\/svg+xml,%3Csvg%20width%3D%22576%22%20height%3D%22512%22%20xmlns%3D%22http:\/\/www.w3.org\/2000\/svg%22%20viewBox%3D%220%200%20576%20512%22%3E%3C\/svg%3E\" alt class=\"wp-image-1050 f-content__image f-lazy js-lazy\" style=\"object-fit:contain;width:84px;height:84px\" data-src=\"https:\/\/asseco-ce.cloud\/wp-content\/uploads\/2024\/03\/peniaze_ikona.svg\" fetchpriority=\"low\"><\/figure>\n\n\n\n<div class=\"wp-block-group is-vertical is-layout-flex wp-container-core-group-is-layout-b2c973f4 wp-block-group-is-layout-flex\">\n<p><strong>Finance a p\u0159\u00edsp\u011bvky<\/strong><\/p>\n\n\n\n<p>p\u0159\u00edsp\u011bvek na stravov\u00e1n\u00ed, dopl\u0148kov\u00e9 penzijn\u00ed spo\u0159en\u00ed, cestovn\u00ed poji\u0161t\u011bn\u00ed do zahrani\u010d\u00ed, n\u00e1borov\u00fd\np\u0159\u00edsp\u011bvek, ro\u010dn\u00ed odm\u011bna za odpracovan\u00e9 roky, slevy u obchodn\u00edch partner\u016f.<\/p>\n<\/div>\n<\/div>\n\n\n\n<div class=\"wp-block-group career-advantage-row-wrapper is-nowrap is-layout-flex wp-container-core-group-is-layout-b6b71352 wp-block-group-is-layout-flex\" style=\"padding-right:0;padding-left:0\">\n<figure class=\"wp-block-image size-large is-resized career-advantage-big-circle\"><img decoding=\"async\" width=\"512\" height=\"512\" src=\"data:image\/svg+xml,%3Csvg%20width%3D%22512%22%20height%3D%22512%22%20xmlns%3D%22http:\/\/www.w3.org\/2000\/svg%22%20viewBox%3D%220%200%20512%20512%22%3E%3C\/svg%3E\" alt class=\"wp-image-1051 f-content__image f-lazy js-lazy\" style=\"object-fit:contain;width:84px;height:84px\" data-src=\"https:\/\/asseco-ce.cloud\/wp-content\/uploads\/2024\/03\/srdce_ikona.svg\" fetchpriority=\"low\"><\/figure>\n\n\n\n<div class=\"wp-block-group is-vertical is-layout-flex wp-container-core-group-is-layout-b2c973f4 wp-block-group-is-layout-flex\">\n<p><strong>Podpora zdrav\u00ed<\/strong><\/p>\n\n\n\n<p>pitn\u00fd re\u017eim, ovoce na pracovi\u0161ti, zdravotn\u00ed programy (dny zdrav\u00ed, zdravotn\u00ed prohl\u00eddky).<\/p>\n<\/div>\n<\/div>\n\n\n\n<div class=\"wp-block-group career-advantage-row-wrapper is-nowrap is-layout-flex wp-container-core-group-is-layout-b6b71352 wp-block-group-is-layout-flex\" style=\"padding-right:0;padding-left:0\">\n<figure class=\"wp-block-image size-large is-resized career-advantage-big-circle\"><img decoding=\"async\" width=\"512\" height=\"512\" src=\"data:image\/svg+xml,%3Csvg%20width%3D%22512%22%20height%3D%22512%22%20xmlns%3D%22http:\/\/www.w3.org\/2000\/svg%22%20viewBox%3D%220%200%20512%20512%22%3E%3C\/svg%3E\" alt class=\"wp-image-1052 f-content__image f-lazy js-lazy\" style=\"object-fit:contain;width:84px;height:84px\" data-src=\"https:\/\/asseco-ce.cloud\/wp-content\/uploads\/2024\/03\/slnko_ikona.svg\" fetchpriority=\"low\"><\/figure>\n\n\n\n<div class=\"wp-block-group is-vertical is-layout-flex wp-container-core-group-is-layout-b2c973f4 wp-block-group-is-layout-flex\">\n<p><strong>Voln\u00fd \u010das<\/strong><\/p>\n\n\n\n<p>sportovn\u00ed klub TJ Asseco (vstupy na r\u016fzn\u00e1 sportovi\u0161t\u011b), Running Club, Multisport karta, zv\u00fdhodn\u011bn\u00e9 vstupy na vybran\u00e9 kulturn\u00ed akce.<\/p>\n<\/div>\n<\/div>\n\n\n\n<div class=\"wp-block-group career-advantage-row-wrapper is-nowrap is-layout-flex wp-container-core-group-is-layout-b6b71352 wp-block-group-is-layout-flex\" style=\"padding-right:0;padding-left:0\">\n<figure class=\"wp-block-image size-large is-resized career-advantage-big-circle\"><img decoding=\"async\" width=\"512\" height=\"512\" src=\"data:image\/svg+xml,%3Csvg%20width%3D%22512%22%20height%3D%22512%22%20xmlns%3D%22http:\/\/www.w3.org\/2000\/svg%22%20viewBox%3D%220%200%20512%20512%22%3E%3C\/svg%3E\" alt class=\"wp-image-1053 f-content__image f-lazy js-lazy\" style=\"object-fit:contain;width:84px;height:84px\" data-src=\"https:\/\/asseco-ce.cloud\/wp-content\/uploads\/2024\/03\/list_ikona.svg\" fetchpriority=\"low\"><\/figure>\n\n\n\n<div class=\"wp-block-group is-vertical is-layout-flex wp-container-core-group-is-layout-b2c973f4 wp-block-group-is-layout-flex\">\n<p><strong>Solidarita<\/strong><\/p>\n\n\n\n<p>mimo\u0159\u00e1dn\u00e1 soci\u00e1ln\u00ed pomoc, p\u0159\u00edsp\u011bvek p\u0159i narozen\u00ed d\u00edt\u011bte, p\u0159\u00edpadn\u00fd d\u016fchod nebo invalidn\u00ed d\u016fchod.<\/p>\n<\/div>\n<\/div>\n<\/div>\n<\/div>\n\n\n\n<div class=\"wp-block-create-block-tab tab-panel\" role=\"tabpanel\" tabindex=\"0\">\n<div class=\"wp-block-group slovak-positions-wrapper is-vertical is-layout-flex wp-container-core-group-is-layout-fe9cc265 wp-block-group-is-layout-flex\"><div class='job-listings job-listings-company-sk'>\n<div class='job-listing'>\n<div class='job-info'>\n<h2 class='job-title'>Azure Architect<\/h2>\n<p class='job-regions'>Bratislava, Praha, Brno<\/p>\n<\/div>\n<p><a href='https:\/\/asseco-ce.cloud\/cs\/pracovna-pozicia\/azure-architect\/' class='apply-button'>Detail pozice<\/a><\/div>\n<\/div>\n\n\n\n<h6 class=\"wp-block-heading\"><\/h6>\n<\/div>\n<\/div>\n\n\n\n<div class=\"wp-block-create-block-tab tab-panel\" role=\"tabpanel\" tabindex=\"0\"><div class='job-listings job-listings-company-cz'>\n<div class='job-listing'>\n<div class='job-info'>\n<h2 class='job-title'>Syst\u00e9mov\u00fd administr\u00e1tor &#8211; \u0161pecialista na Docker<\/h2>\n<p class='job-regions'>Slovensko, \u010cesko<\/p>\n<\/div>\n<p><a href='https:\/\/asseco-ce.cloud\/cs\/pracovna-pozicia\/systemovy-administrator-specialista-na-docker-2\/' class='apply-button'>Detail pozice<\/a><\/div>\n<div class='job-listing'>\n<div class='job-info'>\n<h2 class='job-title'>IT Infrastructure Project Manager<\/h2>\n<p class='job-regions'>Praha<\/p>\n<\/div>\n<p><a href='https:\/\/asseco-ce.cloud\/cs\/pracovna-pozicia\/it-infrastructure-project-manager-3\/' class='apply-button'>Detail pozice<\/a><\/div>\n<div class='job-listing'>\n<div class='job-info'>\n<h2 class='job-title'>Information Security Consultant<\/h2>\n<p class='job-regions'>Praha, Brno<\/p>\n<\/div>\n<p><a href='https:\/\/asseco-ce.cloud\/cs\/pracovna-pozicia\/information-security-consultant-2\/' class='apply-button'>Detail pozice<\/a><\/div>\n<\/div>\n\n\n\n<h6 class=\"wp-block-heading\"><\/h6>\n<\/div>\n\n\n\n<div class=\"wp-block-create-block-tab tab-panel\" role=\"tabpanel\" tabindex=\"0\">\n<p><\/p>\n<\/div>\n<\/div><\/div>\n\n\n\n<div class=\"wp-block-group slovak-career-spacer has-global-padding is-content-justification-right is-layout-constrained wp-container-core-group-is-layout-78a835a6 wp-block-group-is-layout-constrained\" style=\"margin-top:120px\">\n<div class=\"wp-block-cover is-light career-message-bubble\" style=\"padding-top:51px;padding-right:80px;padding-bottom:101px;padding-left:80px;min-height:277px;aspect-ratio:unset;\"><span aria-hidden=\"true\" class=\"wp-block-cover__background has-background-dim-0 has-background-dim\"><\/span><div class=\"wp-block-cover__inner-container has-global-padding is-layout-constrained wp-container-core-cover-is-layout-2bb5611f wp-block-cover-is-layout-constrained\">\n<h2 class=\"wp-block-heading has-primary-color has-text-color has-link-color wp-elements-ad6ecc55ee5a7c3f9befbed61bf83f58\" style=\"font-size:clamp(24.034px, 1.502rem + ((1vw - 3.2px) * 1.535), 40px);\">Sta\u0148 se i\u00a0ty sou\u010d\u00e1st\u00ed na\u0161eho t\u00fdmu!<\/h2>\n\n\n\n<div class=\"wp-block-buttons is-layout-flex wp-block-buttons-is-layout-flex\">\n<div class=\"wp-block-button\"><a class=\"wp-block-button__link has-accent-background-color has-background has-custom-font-size wp-element-button\" href=\"https:\/\/assecoc.recru.eu\/jobseeker\/send-cv\/id\/0\/p\/0\/token\/20f3311cbdc8df09941ba8b210ac154e?locale=sk&amp;o=984&amp;s=93&amp;u=8&amp;c=2\" style=\"font-size:clamp(14px, 0.875rem + ((1vw - 3.2px) * 0.096), 15px);font-style:normal;font-weight:600\" target=\"_blank\" rel=\"noreferrer noopener\">M\u00e1m z\u00e1jem o pracovn\u00ed nab\u00eddku<\/a><\/div>\n<\/div>\n\n\n\n<figure class=\"wp-block-image size-full career-message-bubble-svg\"><img decoding=\"async\" width=\"909\" height=\"279\" src=\"data:image\/svg+xml,%3Csvg%20width%3D%22909%22%20height%3D%22279%22%20xmlns%3D%22http:\/\/www.w3.org\/2000\/svg%22%20viewBox%3D%220%200%20909%20279%22%3E%3C\/svg%3E\" alt class=\"wp-image-1203 f-content__image f-lazy js-lazy\" data-src=\"https:\/\/asseco-ce.cloud\/wp-content\/uploads\/2024\/03\/svgviewer-output-4.svg\" fetchpriority=\"low\"><\/figure>\n\n\n\n<figure class=\"wp-block-image size-full career-message-bubble-svg-mobile\"><img decoding=\"async\" width=\"649\" height=\"439\" src=\"data:image\/svg+xml,%3Csvg%20width%3D%22649%22%20height%3D%22439%22%20xmlns%3D%22http:\/\/www.w3.org\/2000\/svg%22%20viewBox%3D%220%200%20649%20439%22%3E%3C\/svg%3E\" alt class=\"wp-image-1256 f-content__image f-lazy js-lazy\" data-src=\"https:\/\/asseco-ce.cloud\/wp-content\/uploads\/2024\/03\/svgviewer-output-7.svg\" fetchpriority=\"low\"><\/figure>\n<\/div><\/div>\n<\/div>\n\n\n\n<div class=\"wp-block-group career-english-content is-vertical is-content-justification-center is-layout-flex wp-container-core-group-is-layout-ce155fab wp-block-group-is-layout-flex\">\n<p class=\"has-text-align-center\">If you are open, enthusiastic, think positively, are eager to educate yourself, and want to<br>actively participate in projects that influence everyday life of Central Europeans, it is you we<br>are looking for. Please see current job offers in Slovak or Czech language version or&nbsp;click the<br>button below and register to the database of candidates.<\/p>\n\n\n\n<div class=\"wp-block-buttons is-layout-flex wp-block-buttons-is-layout-flex\">\n<div class=\"wp-block-button\"><a class=\"wp-block-button__link has-accent-background-color has-background has-custom-font-size wp-element-button\" href=\"https:\/\/assecoc.recru.eu\/jobseeker\/send-cv\/id\/0\/p\/0\/token\/20f3311cbdc8df09941ba8b210ac154e?locale=en&amp;o=955\" style=\"font-size:clamp(14px, 0.875rem + ((1vw - 3.2px) * 0.096), 15px);\" target=\"_blank\" rel=\"noreferrer noopener\">Come and join us!<\/a><\/div>\n<\/div>\n<\/div>","protected":false},"excerpt":{"rendered":"<p>If you are open, enthusiastic, think positively, are eager to educate yourself, and want toactively participate in projects that influence everyday life of Central Europeans, it is you weare looking for. Please see current job offers in Slovak or Czech language version &#8230;<\/p>","protected":false},"author":2,"featured_media":0,"parent":0,"menu_order":0,"comment_status":"closed","ping_status":"closed","template":"","meta":{"_seopress_robots_primary_cat":"","_seopress_titles_title":"Kari\u00e9ra a pracovn\u00e9 pr\u00edle\u017eitosti v Asseco | Asseco CE Cloud","_seopress_titles_desc":"Pridajte sa k Asseco CE Cloud t\u00edmu \u2705 R\u00f4zne IT poz\u00edcie a kari\u00e9rny rozvoj v IT \u2705 Rast spolu s odborn\u00edkmi v medzin\u00e1rodnej firme.","_seopress_robots_index":"","inline_featured_image":false,"_uf_show_specific_survey":0,"_uf_disable_surveys":false,"footnotes":""},"class_list":["post-666","page","type-page","status-publish","hentry"],"_links":{"self":[{"href":"https:\/\/asseco-ce.cloud\/cs\/wp-json\/wp\/v2\/pages\/666","targetHints":{"allow":["GET"]}}],"collection":[{"href":"https:\/\/asseco-ce.cloud\/cs\/wp-json\/wp\/v2\/pages"}],"about":[{"href":"https:\/\/asseco-ce.cloud\/cs\/wp-json\/wp\/v2\/types\/page"}],"author":[{"embeddable":true,"href":"https:\/\/asseco-ce.cloud\/cs\/wp-json\/wp\/v2\/users\/2"}],"replies":[{"embeddable":true,"href":"https:\/\/asseco-ce.cloud\/cs\/wp-json\/wp\/v2\/comments?post=666"}],"version-history":[{"count":17,"href":"https:\/\/asseco-ce.cloud\/cs\/wp-json\/wp\/v2\/pages\/666\/revisions"}],"predecessor-version":[{"id":2824,"href":"https:\/\/asseco-ce.cloud\/cs\/wp-json\/wp\/v2\/pages\/666\/revisions\/2824"}],"wp:attachment":[{"href":"https:\/\/asseco-ce.cloud\/cs\/wp-json\/wp\/v2\/media?parent=666"}],"curies":[{"name":"wp","href":"https:\/\/api.w.org\/{rel}","templated":true}]}}