{"id":60,"date":"2023-06-29T01:57:00","date_gmt":"2023-06-28T23:57:00","guid":{"rendered":"https:\/\/www.asseco-ce.cloud\/?page_id=60"},"modified":"2026-01-19T14:35:45","modified_gmt":"2026-01-19T13:35:45","slug":"hybridny-cloud","status":"publish","type":"page","link":"https:\/\/asseco-ce.cloud\/cs\/outsourcing-it-sluzeb\/hybridni-cloud\/","title":{"rendered":"Hybridn\u00ed cloud"},"content":{"rendered":"<div class=\"wp-block-columns is-style-media-content is-layout-flex wp-container-core-columns-is-layout-602f8b02 wp-block-columns-is-layout-flex\">\n<div class=\"wp-block-column is-vertically-aligned-center is-layout-flow wp-block-column-is-layout-flow\">\n<div class=\"wp-block-group is-style-decorative-left is-vertical is-layout-flex wp-container-core-group-is-layout-37c386f8 wp-block-group-is-layout-flex\" style=\"padding-left:var(--wp--preset--spacing--xl)\">\n<div class=\"wp-block-group is-vertical is-layout-flex wp-container-core-group-is-layout-ccbee36c wp-block-group-is-layout-flex\">\n<h2 class=\"wp-block-heading\">Co je hybridn\u00ed cloud?<\/h2>\n<\/div>\n\n\n\n<p>Hybridn\u00ed cloud nemus\u00edte \u0159e\u0161it sami. Na\u0161i specialist\u00e9 v\u00e1m pomohou s n\u00e1vrhem, realizac\u00ed a propojen\u00edm priv\u00e1tn\u00edho cloudu s Microsoft Azure, Amazon Web Services nebo dal\u0161\u00edmi poskytovateli. Postar\u00e1me se o bezpe\u010dn\u00e9 propojen\u00ed s\u00edt\u00ed, jednotnou spr\u00e1vu identit, nastaven\u00ed z\u00e1lohov\u00e1n\u00ed a optimalizaci n\u00e1klad\u016f.<br><br><strong>Priv\u00e1tn\u00ed cloud m\u016f\u017eete snadno propojit s ve\u0159ejn\u00fdmi cloudov\u00fdmi platformami, jako jsou Microsoft Azure a Amazon Web Services.<\/strong> Z\u00edsk\u00e1te hybridn\u00ed cloudov\u00e9 \u0159e\u0161en\u00ed, kter\u00e9 kombinuje bezpe\u010dnost priv\u00e1tn\u00edho cloudu s flexibilitou ve\u0159ejn\u00e9ho \u2013 nap\u0159\u00edklad pro z\u00e1lohov\u00e1n\u00ed, disaster recovery, testovac\u00ed prost\u0159ed\u00ed nebo roz\u0161\u00ed\u0159en\u00ed kapacity b\u011bhem vysok\u00e9 z\u00e1t\u011b\u017ee.<\/p>\n<\/div>\n<\/div>\n\n\n\n<div class=\"wp-block-column is-vertically-aligned-center is-layout-flow wp-block-column-is-layout-flow\">\n<figure class=\"wp-block-image size-large is-style-masked-right\"><img decoding=\"async\" width=\"1024\" height=\"683\" data-image-position=\"1\" src=\"https:\/\/www.asseco-ce.cloud\/wp-content\/uploads\/2023\/06\/prevedieme-vas-transformaciou-a-migraciou-1024x683.jpg\" alt=\"Provedeme v\u00e1s transformac\u00ed a migrac\u00ed\" class=\"wp-image-70 f-content__image\" srcset=\"https:\/\/asseco-ce.cloud\/wp-content\/uploads\/2023\/06\/prevedieme-vas-transformaciou-a-migraciou-1024x683.jpg 1024w, https:\/\/asseco-ce.cloud\/wp-content\/uploads\/2023\/06\/prevedieme-vas-transformaciou-a-migraciou-300x200.jpg 300w, https:\/\/asseco-ce.cloud\/wp-content\/uploads\/2023\/06\/prevedieme-vas-transformaciou-a-migraciou-768x512.jpg 768w, https:\/\/asseco-ce.cloud\/wp-content\/uploads\/2023\/06\/prevedieme-vas-transformaciou-a-migraciou-1536x1024.jpg 1536w, https:\/\/asseco-ce.cloud\/wp-content\/uploads\/2023\/06\/prevedieme-vas-transformaciou-a-migraciou-480x320.jpg 480w, https:\/\/asseco-ce.cloud\/wp-content\/uploads\/2023\/06\/prevedieme-vas-transformaciou-a-migraciou.jpg 1920w\" sizes=\"(max-width: 1024px) 100vw, 1024px\" fetchpriority=\"high\"><\/figure>\n<\/div>\n<\/div>\n\n\n\n<div class=\"wp-block-group is-style-form has-background-background-color has-background has-global-padding is-content-justification-left is-layout-constrained wp-container-core-group-is-layout-12dd3699 wp-block-group-is-layout-constrained\">\n<h5 class=\"wp-block-heading\">Pil\u00ed\u0159e hybridn\u00edho cloudu<\/h5>\n\n\n\n<ul style=\"line-height:1.5\" class=\"wp-block-list is-style-decorative\">\n<li class=\"has-l-font-size\" style=\"line-height:2.5\"><strong>Flexibilita: <\/strong>jednoduch\u00e9 \u0161k\u00e1lov\u00e1n\u00ed a schopnost dynamicky se p\u0159izp\u016fsobovat va\u0161im pot\u0159eb\u00e1m.<\/li>\n\n\n\n<li class=\"has-l-font-size\" style=\"line-height:2.5\"><strong>Odolnost:<\/strong> rozlo\u017een\u00ed z\u00e1t\u011b\u017ee mezi ve\u0159ejn\u00e9 a priv\u00e1tn\u00ed prost\u0159ed\u00ed sni\u017euje riziko v\u00fdpadk\u016f.<\/li>\n\n\n\n<li class=\"has-l-font-size\" style=\"line-height:2.5\"><strong>Zaji\u0161t\u011bn\u00ed souladu s legislativou:<\/strong> umo\u017e\u0148uje uchov\u00e1vat citliv\u00e1 data v priv\u00e1tn\u00edm cloudu, \u010d\u00edm\u017e se zajist\u00ed dodr\u017een\u00ed regulac\u00ed jako GDPR, NIS2 a DORA. Ve\u0159ejn\u00fd cloud m\u016f\u017eete vyu\u017e\u00edt pro m\u00e9n\u011b citliv\u00e1 data.<\/li>\n\n\n\n<li class=\"has-l-font-size\" style=\"line-height:2.5\"><strong>Z\u00e1lohov\u00e1n\u00ed a disaster recovery:<\/strong> poskytuje flexibiln\u00ed mo\u017enosti z\u00e1lohov\u00e1n\u00ed a minimalizuje v\u00fdpadky i ztr\u00e1tu dat.<\/li>\n\n\n\n<li class=\"has-l-font-size\" style=\"line-height:2.5\"><strong>Sn\u00ed\u017een\u00ed n\u00e1klad\u016f: <\/strong>plat\u00edte pouze za to, co skute\u010dn\u011b vyu\u017e\u00edv\u00e1te, a optimalizujete v\u00fdkon podle pot\u0159eby.<\/li>\n<\/ul>\n<\/div>\n\n\n\n<div style=\"height:100px\" aria-hidden=\"true\" class=\"wp-block-spacer\"><\/div>\n\n\n\n<div class=\"wp-block-columns is-style-media-content is-layout-flex wp-container-core-columns-is-layout-602f8b02 wp-block-columns-is-layout-flex\">\n<div class=\"wp-block-column is-vertically-aligned-center is-layout-flow wp-block-column-is-layout-flow\">\n<figure class=\"wp-block-image size-large is-style-masked-left\"><img decoding=\"async\" width=\"1024\" height=\"819\" src=\"data:image\/svg+xml,%3Csvg%20width%3D%221024%22%20height%3D%22819%22%20xmlns%3D%22http:\/\/www.w3.org\/2000\/svg%22%20viewBox%3D%220%200%201024%20819%22%3E%3C\/svg%3E\" alt class=\"wp-image-4686 f-content__image f-lazy js-lazy\" data-src=\"https:\/\/asseco-ce.cloud\/wp-content\/uploads\/2025\/11\/online-cloud-data-storage-concept-cloudscape-digital-online-server-global-network-business-web-database-backup-computer-private-infrastructure-technology-edited-1-1024x819.jpg\" data-srcset=\"https:\/\/asseco-ce.cloud\/wp-content\/uploads\/2025\/11\/online-cloud-data-storage-concept-cloudscape-digital-online-server-global-network-business-web-database-backup-computer-private-infrastructure-technology-edited-1-1024x819.jpg 1024w, https:\/\/asseco-ce.cloud\/wp-content\/uploads\/2025\/11\/online-cloud-data-storage-concept-cloudscape-digital-online-server-global-network-business-web-database-backup-computer-private-infrastructure-technology-edited-1-300x240.jpg 300w, https:\/\/asseco-ce.cloud\/wp-content\/uploads\/2025\/11\/online-cloud-data-storage-concept-cloudscape-digital-online-server-global-network-business-web-database-backup-computer-private-infrastructure-technology-edited-1-768x614.jpg 768w, https:\/\/asseco-ce.cloud\/wp-content\/uploads\/2025\/11\/online-cloud-data-storage-concept-cloudscape-digital-online-server-global-network-business-web-database-backup-computer-private-infrastructure-technology-edited-1-15x12.jpg 15w, https:\/\/asseco-ce.cloud\/wp-content\/uploads\/2025\/11\/online-cloud-data-storage-concept-cloudscape-digital-online-server-global-network-business-web-database-backup-computer-private-infrastructure-technology-edited-1.jpg 1280w\" data-sizes=\"(max-width: 1024px) 100vw, 1024px\" fetchpriority=\"low\"><\/figure>\n<\/div>\n\n\n\n<div class=\"wp-block-column is-vertically-aligned-center is-layout-flow wp-block-column-is-layout-flow\">\n<div class=\"wp-block-group is-style-decorative-left is-vertical is-layout-flex wp-container-core-group-is-layout-37c386f8 wp-block-group-is-layout-flex\" style=\"padding-left:var(--wp--preset--spacing--xl)\">\n<div class=\"wp-block-group is-style-default is-vertical is-layout-flex wp-container-core-group-is-layout-ccbee36c wp-block-group-is-layout-flex\">\n<h2 class=\"wp-block-heading has-accent-color has-text-color has-link-color wp-elements-81e89d2e0afa6708f9caaca8dfe3a5ca\"><strong><mark style=\"background-color:rgba(0, 0, 0, 0)\" class=\"has-inline-color has-primary-color\">Pom\u016f\u017eeme v\u00e1m s p\u0159echodem na hybridn\u00ed cloud<\/mark><\/strong><\/h2>\n<\/div>\n\n\n\n<p>Hybridn\u00ed cloud nemus\u00edte \u0159e\u0161it sami. Na\u0161i specialist\u00e9 v\u00e1m pomohou s n\u00e1vrhem, realizac\u00ed a propojen\u00edm priv\u00e1tn\u00edho cloudu s Microsoft Azure, Amazon Web Services nebo dal\u0161\u00edmi poskytovateli. Postar\u00e1me se o bezpe\u010dn\u00e9 propojen\u00ed s\u00edt\u00ed, jednotnou spr\u00e1vu identit, nastaven\u00ed z\u00e1lohov\u00e1n\u00ed a optimalizaci n\u00e1klad\u016f. Vy m\u016f\u017eete jednodu\u0161e vyu\u017e\u00edvat to nejlep\u0161\u00ed z obou sv\u011bt\u016f \u2013 kontrolu a bezpe\u010dnost priv\u00e1tn\u00edho cloudu spolu s flexibilitou a rozsahem ve\u0159ejn\u00e9ho cloudu. <br><br>Adaptaci cloudu ve va\u0161\u00ed firm\u011b realizujeme s d\u016frazem na projektov\u00fd p\u0159\u00edstup. Pe\u010dliv\u011b analyzujeme va\u0161e st\u00e1vaj\u00edc\u00ed zdroje a po\u017eadavky, p\u0159iprav\u00edme vhodn\u00e9 \u0159e\u0161en\u00ed a pl\u00e1n jeho implementace. V ka\u017ed\u00e9 f\u00e1zi poskytujeme podporu tak, aby byl v\u00e1\u0161 p\u0159echod do cloudu plynul\u00fd a bezpe\u010dn\u00fd.<\/p>\n<\/div>\n<\/div>\n<\/div>\n\n\n\n<section class=\"wp-block-group alignwide is-style-form has-background-background-color has-background is-vertical is-layout-flex wp-container-core-group-is-layout-fe9cc265 wp-block-group-is-layout-flex\" id=\"profil-spolocnosti\">\n<div class=\"wp-block-columns is-layout-flex wp-container-core-columns-is-layout-28232c24 wp-block-columns-is-layout-flex\">\n<div class=\"wp-block-column is-layout-flow wp-block-column-is-layout-flow\">\n<div class=\"wp-block-group is-style-timeline has-global-padding is-layout-constrained wp-container-core-group-is-layout-ef7f83af wp-block-group-is-layout-constrained\">\n<h2 class=\"wp-block-heading is-style-default has-primary-color has-text-color has-h-6-font-size\">Anal\u00fdza <\/h2>\n\n\n\n<p class=\"has-primary-color has-text-color\">D\u016fkladn\u011b zanalyzujeme aktu\u00e1ln\u00ed stav va\u0161ich syst\u00e9m\u016f a zdroj\u016f, identifikujeme slab\u00e1 m\u00edsta, kter\u00e1 mohou omezovat dal\u0161\u00ed rozvoj.<\/p>\n<\/div>\n<\/div>\n\n\n\n<div class=\"wp-block-column is-layout-flow wp-block-column-is-layout-flow\">\n<div class=\"wp-block-group is-style-timeline has-global-padding is-layout-constrained wp-container-core-group-is-layout-ef7f83af wp-block-group-is-layout-constrained\">\n<h2 class=\"wp-block-heading has-primary-color has-text-color has-h-6-font-size\">N\u00e1vrh<\/h2>\n\n\n\n<p class=\"has-primary-color has-text-color\">Hybridn\u00ed cloudov\u00e9 \u0159e\u0161en\u00ed navrhneme podle va\u0161ich po\u017eadavk\u016f s d\u016frazem na efektivitu a bezpe\u010dnost.<\/p>\n<\/div>\n<\/div>\n\n\n\n<div class=\"wp-block-column is-layout-flow wp-block-column-is-layout-flow\">\n<div class=\"wp-block-group is-style-timeline has-global-padding is-layout-constrained wp-container-core-group-is-layout-ef7f83af wp-block-group-is-layout-constrained\">\n<h2 class=\"wp-block-heading has-primary-color has-text-color has-h-6-font-size\">Realizace<\/h2>\n\n\n\n<p class=\"has-primary-color has-text-color\">Postar\u00e1me se o bezstarostn\u00fd p\u0159echod do prost\u0159ed\u00ed hybridn\u00edho cloudu.<\/p>\n<\/div>\n<\/div>\n\n\n\n<div class=\"wp-block-column is-layout-flow wp-block-column-is-layout-flow\">\n<div class=\"wp-block-group is-style-timeline has-global-padding is-layout-constrained wp-container-core-group-is-layout-ef7f83af wp-block-group-is-layout-constrained\">\n<h2 class=\"wp-block-heading has-primary-color has-text-color has-h-6-font-size\">Podpora<\/h2>\n\n\n\n<p class=\"has-primary-color has-text-color\">Poskytneme v\u00e1m komplexn\u00ed podporu od tvorby strategie a\u017e po ka\u017edodenn\u00ed provoz.<\/p>\n<\/div>\n<\/div>\n<\/div>\n<\/section>","protected":false},"excerpt":{"rendered":"<p>\u010co je hybridn\u00fd cloud? Hybridn\u00fd cloud je modern\u00e9 rie\u0161enie, ktor\u00e9 kombinuje v\u00fdhody verejn\u00e9ho a&nbsp;s\u00fakromn\u00e9ho cloudu. Tieto prostredia s\u00fa prepojen\u00e9, aby sa medzi nimi pres\u00favali aplik\u00e1cie, d\u00e1ta a&nbsp;v\u00fdpo\u010dtov\u00e9 \u00falohy pod\u013ea aktu\u00e1lnych potrieb va\u0161ej firmy. Priv\u00e1tny cloud m\u00f4\u017eete jednoducho prepoji\u0165 s&nbsp;verejn\u00fdmi cloudov\u00fdmi platformami, ako &#8230;<\/p>","protected":false},"author":2,"featured_media":14,"parent":7,"menu_order":20,"comment_status":"closed","ping_status":"closed","template":"","meta":{"_seopress_robots_primary_cat":"","_seopress_titles_title":"Hybridn\u00fd cloud | Asseco CE Cloud","_seopress_titles_desc":"Kombinuje v\u00fdhody verejn\u00e9ho a s\u00fakromn\u00e9ho cloudu \u2705 Rie\u0161enia na mieru pre va\u0161e syst\u00e9my \u2705 Spo\u013eahliv\u00fd partner Asseco CE Cloud.","_seopress_robots_index":"","inline_featured_image":false,"_uf_show_specific_survey":0,"_uf_disable_surveys":false,"footnotes":""},"class_list":["post-60","page","type-page","status-publish","has-post-thumbnail","hentry"],"_links":{"self":[{"href":"https:\/\/asseco-ce.cloud\/cs\/wp-json\/wp\/v2\/pages\/60","targetHints":{"allow":["GET"]}}],"collection":[{"href":"https:\/\/asseco-ce.cloud\/cs\/wp-json\/wp\/v2\/pages"}],"about":[{"href":"https:\/\/asseco-ce.cloud\/cs\/wp-json\/wp\/v2\/types\/page"}],"author":[{"embeddable":true,"href":"https:\/\/asseco-ce.cloud\/cs\/wp-json\/wp\/v2\/users\/2"}],"replies":[{"embeddable":true,"href":"https:\/\/asseco-ce.cloud\/cs\/wp-json\/wp\/v2\/comments?post=60"}],"version-history":[{"count":15,"href":"https:\/\/asseco-ce.cloud\/cs\/wp-json\/wp\/v2\/pages\/60\/revisions"}],"predecessor-version":[{"id":4990,"href":"https:\/\/asseco-ce.cloud\/cs\/wp-json\/wp\/v2\/pages\/60\/revisions\/4990"}],"up":[{"embeddable":true,"href":"https:\/\/asseco-ce.cloud\/cs\/wp-json\/wp\/v2\/pages\/7"}],"wp:featuredmedia":[{"embeddable":true,"href":"https:\/\/asseco-ce.cloud\/cs\/wp-json\/wp\/v2\/media\/14"}],"wp:attachment":[{"href":"https:\/\/asseco-ce.cloud\/cs\/wp-json\/wp\/v2\/media?parent=60"}],"curies":[{"name":"wp","href":"https:\/\/api.w.org\/{rel}","templated":true}]}}