{"id":59,"date":"2023-06-29T01:56:22","date_gmt":"2023-06-28T23:56:22","guid":{"rendered":"https:\/\/www.asseco-ce.cloud\/?page_id=59"},"modified":"2025-12-10T17:09:58","modified_gmt":"2025-12-10T16:09:58","slug":"microsoft-azure","status":"publish","type":"page","link":"https:\/\/asseco-ce.cloud\/cs\/outsourcing-it-sluzeb\/microsoft-azure\/","title":{"rendered":"Microsoft Azure"},"content":{"rendered":"<div class=\"wp-block-group alignwide is-nowrap is-layout-flex wp-container-core-group-is-layout-6c531013 wp-block-group-is-layout-flex\">\n<div class=\"wp-block-columns alignwide is-style-container is-layout-flex wp-container-core-columns-is-layout-28f84493 wp-block-columns-is-layout-flex\">\n<div class=\"wp-block-column is-layout-flow wp-block-column-is-layout-flow\" style=\"flex-basis:85%\">\n<div class=\"wp-block-group is-vertical is-layout-flex wp-container-core-group-is-layout-ccbee36c wp-block-group-is-layout-flex\">\n<div style=\"height:0px\" aria-hidden=\"true\" class=\"wp-block-spacer wp-container-content-6388d5dc\"><\/div>\n\n\n\n<h2 class=\"wp-block-heading has-accent-color has-text-color has-link-color has-primary-font-family wp-elements-afa3533fc09e43a8db03596a2fd96e4c\">Vyu\u017eijte potenci\u00e1l cloudu Microsoft Azure a modernizujte s certifikovan\u00fdm partnerem Asseco CE Cloud.<\/h2>\n<\/div>\n\n\n\n<div class=\"wp-block-group is-nowrap is-layout-flex wp-container-core-group-is-layout-6c531013 wp-block-group-is-layout-flex\">\n<p class=\"has-primary-font-family\">D\u00edky na\u0161\u00ed specializaci na IT infrastrukturu v\u00e1m pom\u016f\u017eeme efektivn\u011b modernizovat va\u0161e aplikace a syst\u00e9my. Siln\u00e9 zastoupen\u00ed ve st\u0159edn\u00ed Evrop\u011b d\u011bl\u00e1 z Asseco CE Cloud spolehliv\u00e9ho partnera pro cloudov\u00e1 \u0159e\u0161en\u00ed na m\u00edru. Na\u0161e podpora zahrnuje nejen technick\u00e9 zaji\u0161t\u011bn\u00ed, ale tak\u00e9 odborn\u00e9 poradenstv\u00ed a pravidelnou \u00fadr\u017ebu slu\u017eeb.<\/p>\n<\/div>\n<\/div>\n\n\n\n<div class=\"wp-block-column is-vertically-aligned-center is-layout-flow wp-block-column-is-layout-flow\" style=\"flex-basis:15%\">\n<figure class=\"wp-block-image aligncenter size-full is-style-rounded\"><img decoding=\"async\" width=\"1024\" height=\"576\" data-image-position=\"1\" src=\"https:\/\/asseco-ce.cloud\/wp-content\/uploads\/2025\/11\/Copy-of-A-step-by-step-guide-to-creating-an-Azure-Migration-Strategy-2-1024x576-2.png\" alt class=\"wp-image-4865 f-content__image\" srcset=\"https:\/\/asseco-ce.cloud\/wp-content\/uploads\/2025\/11\/Copy-of-A-step-by-step-guide-to-creating-an-Azure-Migration-Strategy-2-1024x576-2.png 1024w, https:\/\/asseco-ce.cloud\/wp-content\/uploads\/2025\/11\/Copy-of-A-step-by-step-guide-to-creating-an-Azure-Migration-Strategy-2-1024x576-2-300x169.png 300w, https:\/\/asseco-ce.cloud\/wp-content\/uploads\/2025\/11\/Copy-of-A-step-by-step-guide-to-creating-an-Azure-Migration-Strategy-2-1024x576-2-768x432.png 768w, https:\/\/asseco-ce.cloud\/wp-content\/uploads\/2025\/11\/Copy-of-A-step-by-step-guide-to-creating-an-Azure-Migration-Strategy-2-1024x576-2-18x10.png 18w\" sizes=\"(max-width: 1024px) 100vw, 1024px\" fetchpriority=\"high\"><\/figure>\n<\/div>\n<\/div>\n<\/div>\n\n\n\n<div style=\"height:100px\" aria-hidden=\"true\" class=\"wp-block-spacer\"><\/div>\n\n\n\n<section class=\"wp-block-group alignwide is-style-form has-background-background-color has-background is-vertical is-layout-flex wp-container-core-group-is-layout-fe9cc265 wp-block-group-is-layout-flex\" id=\"profil-spolocnosti\">\n<header class=\"wp-block-group is-vertical is-layout-flex wp-container-core-group-is-layout-ccbee36c wp-block-group-is-layout-flex\">\n<h2 class=\"wp-block-heading has-primary-color has-text-color\">Va\u0161e cesta do cloudu<\/h2>\n\n\n\n<p><\/p>\n<\/header>\n\n\n\n<div class=\"wp-block-columns is-layout-flex wp-container-core-columns-is-layout-28232c24 wp-block-columns-is-layout-flex\">\n<div class=\"wp-block-column is-layout-flow wp-block-column-is-layout-flow\">\n<div class=\"wp-block-group is-style-timeline has-global-padding is-layout-constrained wp-container-core-group-is-layout-ef7f83af wp-block-group-is-layout-constrained\">\n<h2 class=\"wp-block-heading is-style-default has-primary-color has-text-color has-h-6-font-size\">Azure strategie<\/h2>\n\n\n\n<p class=\"has-primary-color has-text-color\">Pom\u016f\u017eeme v\u00e1m identifikovat rizika a p\u0159\u00edle\u017eitosti p\u0159ed migrac\u00ed do cloudu a posoud\u00edme p\u0159ipravenost firmy na p\u0159echod.<\/p>\n<\/div>\n<\/div>\n\n\n\n<div class=\"wp-block-column is-layout-flow wp-block-column-is-layout-flow\">\n<div class=\"wp-block-group is-style-timeline has-global-padding is-layout-constrained wp-container-core-group-is-layout-ef7f83af wp-block-group-is-layout-constrained\">\n<h2 class=\"wp-block-heading has-primary-color has-text-color has-h-6-font-size\">Konzultace k Azure <\/h2>\n\n\n\n<p class=\"has-primary-color has-text-color\">Poskytneme odborn\u00e9 veden\u00ed p\u0159i pl\u00e1nov\u00e1n\u00ed i samotn\u00e9 adaptaci tak, aby va\u0161e migrace do Azure cloudu byla plynul\u00e1 a bezprobl\u00e9mov\u00e1.<\/p>\n<\/div>\n<\/div>\n\n\n\n<div class=\"wp-block-column is-layout-flow wp-block-column-is-layout-flow\">\n<div class=\"wp-block-group is-style-timeline has-global-padding is-layout-constrained wp-container-core-group-is-layout-ef7f83af wp-block-group-is-layout-constrained\">\n<h2 class=\"wp-block-heading has-primary-color has-text-color has-h-6-font-size\">Migrace do Azure<\/h2>\n\n\n\n<p class=\"has-primary-color has-text-color\">Identifikujeme nejoptim\u00e1ln\u011bj\u0161\u00ed zp\u016fsob va\u0161eho p\u0159echodu na platformu Azure a postar\u00e1me se o bezstarostnou implementaci.<\/p>\n<\/div>\n<\/div>\n\n\n\n<div class=\"wp-block-column is-layout-flow wp-block-column-is-layout-flow\">\n<div class=\"wp-block-group is-style-timeline has-global-padding is-layout-constrained wp-container-core-group-is-layout-ef7f83af wp-block-group-is-layout-constrained\">\n<h2 class=\"wp-block-heading has-primary-color has-text-color has-h-6-font-size\">Komplexn\u00ed podpora <\/h2>\n\n\n\n<p class=\"has-primary-color has-text-color\">Poskytneme v\u00e1m podporu v ka\u017ed\u00e9 f\u00e1zi spolupr\u00e1ce, od pl\u00e1nov\u00e1n\u00ed a\u017e po zaji\u0161t\u011bn\u00ed provozn\u00ed podpory.<\/p>\n<\/div>\n<\/div>\n<\/div>\n<\/section>\n\n\n\n<p><\/p>\n\n\n\n<h3 class=\"wp-block-heading\">Microsoft Azure Experti<\/h3>\n\n\n\n<p>\u00dasp\u011b\u0161n\u00e1 migrace do cloudu vy\u017eaduje koordinovan\u00fd p\u0159\u00edstup zku\u0161en\u00e9ho t\u00fdmu, kter\u00fd d\u016fsledn\u011b zohledn\u00ed ka\u017ed\u00fd aspekt projektu. N\u00e1\u0161 specializovan\u00fd Azure t\u00fdm je dr\u017eitelem certifikac\u00ed, kter\u00e9 potvrzuj\u00ed na\u0161i vysokou \u00farove\u0148 odbornosti. M\u00e1me bohat\u00e9 zku\u0161enosti z rozs\u00e1hl\u00fdch projekt\u016f.<\/p>\n\n\n\n<figure class=\"wp-block-image aligncenter size-large is-resized\"><img decoding=\"async\" width=\"1024\" height=\"342\" src=\"data:image\/svg+xml,%3Csvg%20width%3D%221024%22%20height%3D%22342%22%20xmlns%3D%22http:\/\/www.w3.org\/2000\/svg%22%20viewBox%3D%220%200%201024%20342%22%3E%3C\/svg%3E\" alt class=\"wp-image-4857 f-content__image f-lazy js-lazy\" style=\"width:586px;height:auto\" data-src=\"https:\/\/asseco-ce.cloud\/wp-content\/uploads\/2025\/11\/Certifikacie-1-1024x342.png\" data-srcset=\"https:\/\/asseco-ce.cloud\/wp-content\/uploads\/2025\/11\/Certifikacie-1-1024x342.png 1024w, https:\/\/asseco-ce.cloud\/wp-content\/uploads\/2025\/11\/Certifikacie-1-300x100.png 300w, https:\/\/asseco-ce.cloud\/wp-content\/uploads\/2025\/11\/Certifikacie-1-768x256.png 768w, https:\/\/asseco-ce.cloud\/wp-content\/uploads\/2025\/11\/Certifikacie-1-18x6.png 18w, https:\/\/asseco-ce.cloud\/wp-content\/uploads\/2025\/11\/Certifikacie-1.png 1034w\" data-sizes=\"(max-width: 1024px) 100vw, 1024px\" fetchpriority=\"low\"><\/figure>\n\n\n\n<h3 class=\"wp-block-heading\">Na\u0161e \u0161pecializace<\/h3>\n\n\n\n<div class=\"wp-block-group is-style-decorative-left is-vertical is-layout-flex wp-container-core-group-is-layout-37c386f8 wp-block-group-is-layout-flex\" style=\"padding-left:var(--wp--preset--spacing--xl)\">\n<div class=\"wp-block-group is-vertical is-layout-flex wp-container-core-group-is-layout-ccbee36c wp-block-group-is-layout-flex\">\n<h5 class=\"wp-block-heading has-accent-color has-text-color has-link-color wp-elements-606837dba2e3e3cdaceb1d911abceff7\">Mana\u017eovan\u00e9 slu\u017eby<\/h5>\n<\/div>\n\n\n\n<ul class=\"wp-block-list is-style-caret\">\n<li>Ka\u017edodenn\u00ed spr\u00e1va, patchov\u00e1n\u00ed a z\u00e1lohov\u00e1n\u00ed<\/li>\n\n\n\n<li>Proaktivn\u00ed monitoring a reakce na incidenty v re\u00e1ln\u00e9m \u010dase \u2013 s definovanou SLA a odborn\u00fdm t\u00fdmem v pozad\u00ed<\/li>\n\n\n\n<li>Osv\u011bd\u010den\u00e9 bezpe\u010dnostn\u00ed postupy Azure a pomoc s pln\u011bn\u00edm regulac\u00ed (GDPR, ISO 27001, NIS2, DORA)<\/li>\n\n\n\n<li>&nbsp;Rychl\u00e9 nasazen\u00ed aplikac\u00ed d\u00edky automatizaci a DevOps p\u0159\u00edstupu<\/li>\n\n\n\n<li>&nbsp;Transparentn\u00ed n\u00e1klady a flexibilita<\/li>\n<\/ul>\n<\/div>\n\n\n\n<div class=\"wp-block-group is-style-decorative-left is-vertical is-content-justification-left is-layout-flex wp-container-core-group-is-layout-7e27f23d wp-block-group-is-layout-flex\" style=\"padding-left:var(--wp--preset--spacing--xl)\">\n<div class=\"wp-block-group is-vertical is-layout-flex wp-container-core-group-is-layout-ccbee36c wp-block-group-is-layout-flex\">\n<h5 class=\"wp-block-heading has-accent-color has-text-color has-link-color wp-elements-be9ceaa9a89a081bdbf06e90585ef7e3\">Bezpe\u010dnost <\/h5>\n<\/div>\n\n\n\n<ul class=\"wp-block-list is-style-caret\">\n<li>&nbsp;Ochrana p\u0159ed hrozbami v re\u00e1ln\u00e9m \u010dase<\/li>\n\n\n\n<li>&nbsp;Zero Trust p\u0159\u00edstup a \u0159\u00edzen\u00ed identity<\/li>\n\n\n\n<li>&nbsp;Nep\u0159etr\u017eit\u00e9 zabezpe\u010den\u00ed infrastruktury a dat<\/li>\n\n\n\n<li>&nbsp;Pln\u011bn\u00ed regula\u010dn\u00edch po\u017eadavk\u016f<\/li>\n\n\n\n<li>&nbsp;Bezpe\u010dnost jako slu\u017eba (Security as a Service)<\/li>\n<\/ul>\n<\/div>\n\n\n\n<div class=\"wp-block-group is-style-decorative-left is-vertical is-layout-flex wp-container-core-group-is-layout-37c386f8 wp-block-group-is-layout-flex\" style=\"padding-left:var(--wp--preset--spacing--xl)\">\n<div class=\"wp-block-group is-vertical is-layout-flex wp-container-core-group-is-layout-ccbee36c wp-block-group-is-layout-flex\">\n<h5 class=\"wp-block-heading has-accent-color has-text-color has-link-color wp-elements-43bd606f456fe715814d1a2dc80481f4\">IaC, Automatizace<\/h5>\n<\/div>\n\n\n\n<ul class=\"wp-block-list is-style-caret\">\n<li>&nbsp;Rychlej\u0161\u00ed a opakovateln\u00e9 nasazen\u00ed<\/li>\n\n\n\n<li>&nbsp;Verzov\u00e1n\u00ed a auditovatelnost zm\u011bn<\/li>\n\n\n\n<li>&nbsp;Ni\u017e\u0161\u00ed chybovost a vy\u0161\u0161\u00ed stabilita<\/li>\n\n\n\n<li>&nbsp;Rychl\u00fd onboarding a \u0161k\u00e1lov\u00e1n\u00ed<\/li>\n\n\n\n<li>&nbsp;Integrace s DevOps a pipeline n\u00e1stroji<\/li>\n<\/ul>\n<\/div>\n\n\n\n<div class=\"wp-block-group is-style-decorative-left is-vertical is-content-justification-left is-layout-flex wp-container-core-group-is-layout-7e27f23d wp-block-group-is-layout-flex\" style=\"padding-left:var(--wp--preset--spacing--xl)\">\n<div class=\"wp-block-group is-vertical is-layout-flex wp-container-core-group-is-layout-ccbee36c wp-block-group-is-layout-flex\">\n<h5 class=\"wp-block-heading has-accent-color has-text-color has-link-color wp-elements-da1d267e116ff71db025d6e32a0b7488\">Well Architectured Framework<\/h5>\n<\/div>\n\n\n\n<ul class=\"wp-block-list is-style-caret\">\n<li>&nbsp;Architektura ov\u011b\u0159en\u00e1 podle osv\u011bd\u010den\u00fdch postup\u016f Azure<\/li>\n\n\n\n<li>Zv\u00fd\u0161en\u00ed spolehlivosti a bezpe\u010dnosti podle standard\u016f Azure <\/li>\n\n\n\n<li>Optimalizace n\u00e1klad\u016f<\/li>\n\n\n\n<li>Rychl\u00e9 zlep\u0161en\u00ed d\u00edky konkr\u00e9tn\u00edmu pl\u00e1nu n\u00e1pravn\u00fdch opat\u0159en\u00ed<\/li>\n<\/ul>\n<\/div>\n\n\n\n<div class=\"wp-block-group is-style-decorative-left is-vertical is-layout-flex wp-container-core-group-is-layout-37c386f8 wp-block-group-is-layout-flex\" style=\"padding-left:var(--wp--preset--spacing--xl)\">\n<div class=\"wp-block-group is-vertical is-layout-flex wp-container-core-group-is-layout-ccbee36c wp-block-group-is-layout-flex\">\n<h5 class=\"wp-block-heading has-accent-color has-text-color has-link-color wp-elements-55215041f4a6cb14c8ed6b4efd3a4f09\">Konzultace<\/h5>\n<\/div>\n\n\n\n<ul class=\"wp-block-list is-style-caret\">\n<li>&nbsp;Dlouholet\u00e9 zku\u0161enosti s komplexn\u00ed infrastrukturou ve ve\u0159ejn\u00e9 spr\u00e1v\u011b, zdravotnictv\u00ed a finan\u010dn\u00edm sektoru<\/li>\n\n\n\n<li>Znalost va\u0161eho IT prost\u0159ed\u00ed \u2013 od fyzick\u00fdch server\u016f p\u0159es hybridn\u00ed cloud a\u017e po cloud native<\/li>\n\n\n\n<li>Individu\u00e1ln\u00ed p\u0159\u00edstup k migraci i modernizaci<\/li>\n\n\n\n<li>Plynul\u00fd p\u0159echod do cloudu bez p\u0159eru\u0161en\u00ed provozu<\/li>\n<\/ul>\n<\/div>\n\n\n\n<div style=\"height:100px\" aria-hidden=\"true\" class=\"wp-block-spacer\"><\/div>\n\n\n\n<h2 class=\"wp-block-heading\">Spojte se s n\u00e1mi<\/h2>\n\n\n\n<p>Cht\u011bli byste se dozv\u011bd\u011bt v\u00edce o Amazon Web Services nebo pot\u0159ebujete pomoc?&nbsp;<br>Vypl\u0148te kontaktn\u00ed formul\u00e1\u0159 a n\u011bkter\u00fd z na\u0161ich obchodn\u00edch z\u00e1stupc\u016f v\u00e1s bude brzy kontaktovat.&nbsp;<\/p>\n\n\n\n<div class=\"wp-block-contact-form-7-contact-form-selector\">\n<div class=\"wpcf7 no-js\" id=\"wpcf7-f12-o1\" lang=\"sk-SK\" dir=\"ltr\" data-wpcf7-id=\"12\">\n<div class=\"screen-reader-response\"><p role=\"status\" aria-live=\"polite\" aria-atomic=\"true\"><\/p> <ul><\/ul><\/div>\n<form action=\"\/cs\/wp-json\/wp\/v2\/pages\/59#wpcf7-f12-o1\" method=\"post\" class=\"wpcf7-form init\" aria-label=\"Kontaktn\u00ed formul\u00e1\u0159\" novalidate=\"novalidate\" data-status=\"init\" data-trp-original-action=\"\/cs\/wp-json\/wp\/v2\/pages\/59#wpcf7-f12-o1\">\n<div style=\"display: none;\">\n<input type=\"hidden\" name=\"_wpcf7\" value=\"12\" \/>\n<input type=\"hidden\" name=\"_wpcf7_version\" value=\"6.0.5\" \/>\n<input type=\"hidden\" name=\"_wpcf7_locale\" value=\"sk_SK\" \/>\n<input type=\"hidden\" name=\"_wpcf7_unit_tag\" value=\"wpcf7-f12-o1\" \/>\n<input type=\"hidden\" name=\"_wpcf7_container_post\" value=\"0\" \/>\n<input type=\"hidden\" name=\"_wpcf7_posted_data_hash\" value=\"\" \/>\n<input type=\"hidden\" name=\"_wpcf7_recaptcha_response\" value=\"\" \/>\n<\/div>\n<div class=\"f-form f-form--cf7 a-flex a-gap-row--0 a-gap-col--m\">\n\t<div class=\"a-flex__item--100\">\n\t\t<div class=\"f-field a-field\">\n\t\t\t<label for=\"your-name\" class=\"f-label a-label\">Jm\u00e9no a p\u0159\u00edjmen\u00ed <abbr title=\"Povinn\u00e9\">&#10043;<\/abbr><\/label>\n          <span class=\"wpcf7-form-control-wrap\" data-name=\"your-name\"><input size=\"40\" maxlength=\"400\" class=\"wpcf7-form-control wpcf7-text wpcf7-validates-as-required\" id=\"your-name\" aria-required=\"true\" aria-invalid=\"false\" placeholder=\"Vypl\u0148te sv\u00e9 jm\u00e9no ...\" value=\"\" type=\"text\" name=\"your-name\" \/><\/span>\n\t\t<\/div>\n\t<\/div>\n\t<div class=\"a-flex__item--100\">\n\t\t<div class=\"f-field a-field\">\n\t\t\t<label for=\"your-company\" class=\"f-label a-label\">Spole\u010dnost<\/label>\n          <span class=\"wpcf7-form-control-wrap\" data-name=\"your-company\"><input size=\"40\" maxlength=\"400\" class=\"wpcf7-form-control wpcf7-text\" id=\"your-company\" aria-invalid=\"false\" placeholder=\"Zadejte n\u00e1zev spole\u010dnosti ...\" value=\"\" type=\"text\" name=\"your-company\" \/><\/span>\n\t\t<\/div>\n\t<\/div>\n\t<div class=\"a-flex__item--100\">\n\t\t<div class=\"f-field a-field\">\n\t\t\t<label for=\"your-email\" class=\"f-label a-label\">Email <abbr title=\"Povinn\u00e9\">&#10043;<\/abbr><\/label>\n          <span class=\"wpcf7-form-control-wrap\" data-name=\"your-email\"><input size=\"40\" maxlength=\"400\" class=\"wpcf7-form-control wpcf7-email wpcf7-validates-as-required wpcf7-text wpcf7-validates-as-email\" id=\"your-email\" aria-required=\"true\" aria-invalid=\"false\" placeholder=\"Vypl\u0148te sv\u016fj email ...\" value=\"\" type=\"email\" name=\"your-email\" \/><\/span>\n\t\t<\/div>\n\t<\/div>\n\t<div class=\"a-flex__item--100\">\n\t\t<div class=\"f-field a-field\">\n\t\t\t<label for=\"your-phone\" class=\"f-label a-label\">Telefon <abbr title=\"Povinn\u00e9\">&#10043;<\/abbr><\/label>\n          <span class=\"wpcf7-form-control-wrap\" data-name=\"your-phone\"><input size=\"40\" maxlength=\"400\" class=\"wpcf7-form-control wpcf7-text wpcf7-validates-as-required\" id=\"your-phone\" aria-required=\"true\" aria-invalid=\"false\" placeholder=\"Vypl\u0148te sv\u016fj telefon ...\" value=\"\" type=\"text\" name=\"your-phone\" \/><\/span>\n\t\t<\/div>\n\t<\/div>\n\t<div class=\"a-flex__item--100\">\n\t\t<div class=\"f-field f-field--message a-field\">\n\t\t\t<label for=\"your-message\" class=\"f-label a-label\">Zpr\u00e1va<\/label>\n          <span class=\"wpcf7-form-control-wrap\" data-name=\"your-message\"><textarea cols=\"40\" rows=\"3\" maxlength=\"2000\" class=\"wpcf7-form-control wpcf7-textarea\" id=\"your-message\" aria-invalid=\"false\" placeholder=\"Vypl\u0148te svou zpr\u00e1vu ...\" name=\"your-message\"><\/textarea><\/span>\n\t\t<\/div>\n\t<\/div>\n\t<div class=\"a-flex__item--100\">\n\t\t<div class=\"f-form__terms a-form__terms\">\n          Odesl\u00e1n\u00edm formul\u00e1\u0159e souhlas\u00edte se zpracov\u00e1n\u00edm osobn\u00edch \u00fadaj\u016f nezbytn\u00fdch pro zpracov\u00e1n\u00ed va\u0161eho dotazu.\n\t\t<\/div>\n\t<\/div>\n\t<div class=\"a-flex__item--100\">\n\t\t<div class=\"f-form__submit\">\n          <div class=\"wpcf7-response-output\" aria-hidden=\"true\"><\/div>\n          <input class=\"wpcf7-form-control wpcf7-submit has-spinner\" type=\"submit\" value=\"Odeslat\" \/>\n\t\t<\/div>\n\t<\/div>\n<\/div>\n<input type=\"hidden\" name=\"trp-form-language\" value=\"cs\"\/><\/form>\n<\/div>\n<\/div>","protected":false},"excerpt":{"rendered":"<p>Vyu\u017eite potenci\u00e1l&nbsp;Microsoft Azure cloudu a modernizujte s&nbsp;certifikovan\u00fdm partnerom Asseco CE Cloud. V\u010faka na\u0161ej \u0161pecializ\u00e1ci\u00ed na IT infra\u0161trukt\u00faru, v\u00e1m pom\u00f4\u017eeme efekt\u00edvne modernizova\u0165 va\u0161e aplik\u00e1cie a syst\u00e9my. Siln\u00e9 zast\u00fapenie v strednej Eur\u00f3pe rob\u00ed z Asseco CE Cloud spo\u013eahliv\u00e9ho partnera pre cloudov\u00e9 rie\u0161enia na mieru. &#8230;<\/p>","protected":false},"author":2,"featured_media":3234,"parent":7,"menu_order":30,"comment_status":"closed","ping_status":"closed","template":"","meta":{"_seopress_robots_primary_cat":"","_seopress_titles_title":"Microsoft Azure | Asseco CE Cloud","_seopress_titles_desc":"Poskytovan\u00e9 slu\u017eby Microsoft Azure \u2705 Rie\u0161enia na k\u013e\u00fa\u010d \u2705 Certifikovan\u00fd partner Asseco CE Cloud.","_seopress_robots_index":"","inline_featured_image":false,"_uf_show_specific_survey":0,"_uf_disable_surveys":false,"footnotes":""},"class_list":["post-59","page","type-page","status-publish","has-post-thumbnail","hentry"],"_links":{"self":[{"href":"https:\/\/asseco-ce.cloud\/cs\/wp-json\/wp\/v2\/pages\/59","targetHints":{"allow":["GET"]}}],"collection":[{"href":"https:\/\/asseco-ce.cloud\/cs\/wp-json\/wp\/v2\/pages"}],"about":[{"href":"https:\/\/asseco-ce.cloud\/cs\/wp-json\/wp\/v2\/types\/page"}],"author":[{"embeddable":true,"href":"https:\/\/asseco-ce.cloud\/cs\/wp-json\/wp\/v2\/users\/2"}],"replies":[{"embeddable":true,"href":"https:\/\/asseco-ce.cloud\/cs\/wp-json\/wp\/v2\/comments?post=59"}],"version-history":[{"count":5,"href":"https:\/\/asseco-ce.cloud\/cs\/wp-json\/wp\/v2\/pages\/59\/revisions"}],"predecessor-version":[{"id":5074,"href":"https:\/\/asseco-ce.cloud\/cs\/wp-json\/wp\/v2\/pages\/59\/revisions\/5074"}],"up":[{"embeddable":true,"href":"https:\/\/asseco-ce.cloud\/cs\/wp-json\/wp\/v2\/pages\/7"}],"wp:featuredmedia":[{"embeddable":true,"href":"https:\/\/asseco-ce.cloud\/cs\/wp-json\/wp\/v2\/media\/3234"}],"wp:attachment":[{"href":"https:\/\/asseco-ce.cloud\/cs\/wp-json\/wp\/v2\/media?parent=59"}],"curies":[{"name":"wp","href":"https:\/\/api.w.org\/{rel}","templated":true}]}}