{"id":58,"date":"2023-06-29T01:55:55","date_gmt":"2023-06-28T23:55:55","guid":{"rendered":"https:\/\/www.asseco-ce.cloud\/?page_id=58"},"modified":"2026-01-19T14:34:46","modified_gmt":"2026-01-19T13:34:46","slug":"privatny-cloud","status":"publish","type":"page","link":"https:\/\/asseco-ce.cloud\/cs\/outsourcing-it-sluzeb\/privatni-cloud\/","title":{"rendered":"Priv\u00e1tn\u00ed cloud"},"content":{"rendered":"<div class=\"wp-block-columns is-style-media-content is-layout-flex wp-container-core-columns-is-layout-602f8b02 wp-block-columns-is-layout-flex\">\n<div class=\"wp-block-column is-vertically-aligned-center is-layout-flow wp-block-column-is-layout-flow\">\n<div class=\"wp-block-group is-style-decorative-left is-vertical is-layout-flex wp-container-core-group-is-layout-37c386f8 wp-block-group-is-layout-flex\" style=\"padding-left:var(--wp--preset--spacing--xl)\">\n<h2 class=\"wp-block-heading has-accent-color has-text-color has-link-color wp-elements-ebce93a41315f88c072ad0d698245a8c\">N\u00e1\u0161 priv\u00e1tn\u00ed cloud <\/h2>\n\n\n\n<p>Cloudov\u00e9 \u0159e\u0161en\u00ed Asseco CE Cloud je ide\u00e1ln\u00edm modelem pro firmy, kter\u00e9 pot\u0159ebuj\u00ed maxim\u00e1ln\u00ed kontrolu nad sv\u00fdmi daty, vysok\u00fd v\u00fdkon a spolehlivou dostupnost. V\u0161echny aplikace a syst\u00e9my b\u011b\u017e\u00ed na na\u0161\u00ed vlastn\u00ed infrastruktu\u0159e pod dohledem t\u00fdmu odborn\u00edk\u016f.<br><br>N\u00e1\u0161 priv\u00e1tn\u00ed cloud poskytne modern\u00ed a spolehliv\u00e9 prost\u0159ed\u00ed, ve kter\u00e9m m\u00e1te jistotu, \u017ee va\u0161e syst\u00e9my funguj\u00ed bezpe\u010dn\u011b a bez v\u00fdpadk\u016f. Z\u00edsk\u00e1te \u00faplnou kontrolu nad kapacitou, \u00falo\u017ei\u0161t\u011bm i s\u00edt\u00ed a z\u00e1rove\u0148 mo\u017enost pru\u017en\u011b reagovat a p\u0159izp\u016fsobit se aktu\u00e1ln\u00edm pot\u0159eb\u00e1m va\u0161\u00ed firmy.<\/p>\n<\/div>\n<\/div>\n\n\n\n<div class=\"wp-block-column is-vertically-aligned-center is-layout-flow wp-block-column-is-layout-flow\">\n<figure class=\"wp-block-image size-large is-style-masked-right\"><img decoding=\"async\" width=\"1280\" height=\"853\" data-image-position=\"1\" src=\"https:\/\/asseco-ce.cloud\/wp-content\/uploads\/2025\/11\/v-nasom-cloude-aj-vo-verejnych-cloudoch-edited.jpg\" alt=\"V na\u0161om cloude, aj vo verejn\u00fdch cloudoch\" class=\"wp-image-4781 f-content__image\" srcset=\"https:\/\/asseco-ce.cloud\/wp-content\/uploads\/2025\/11\/v-nasom-cloude-aj-vo-verejnych-cloudoch-edited.jpg 1280w, https:\/\/asseco-ce.cloud\/wp-content\/uploads\/2025\/11\/v-nasom-cloude-aj-vo-verejnych-cloudoch-edited-300x200.jpg 300w, https:\/\/asseco-ce.cloud\/wp-content\/uploads\/2025\/11\/v-nasom-cloude-aj-vo-verejnych-cloudoch-edited-1024x682.jpg 1024w, https:\/\/asseco-ce.cloud\/wp-content\/uploads\/2025\/11\/v-nasom-cloude-aj-vo-verejnych-cloudoch-edited-768x512.jpg 768w, https:\/\/asseco-ce.cloud\/wp-content\/uploads\/2025\/11\/v-nasom-cloude-aj-vo-verejnych-cloudoch-edited-18x12.jpg 18w, https:\/\/asseco-ce.cloud\/wp-content\/uploads\/2025\/11\/v-nasom-cloude-aj-vo-verejnych-cloudoch-edited-480x320.jpg 480w\" sizes=\"(max-width: 1280px) 100vw, 1280px\" fetchpriority=\"high\"><\/figure>\n<\/div>\n<\/div>\n\n\n\n<div class=\"wp-block-group is-style-form has-background-background-color has-background has-global-padding is-content-justification-left is-layout-constrained wp-container-core-group-is-layout-12dd3699 wp-block-group-is-layout-constrained\">\n<h5 class=\"wp-block-heading\">Pil\u00ed\u0159e priv\u00e1tn\u00edho cloudu <\/h5>\n\n\n\n<ul class=\"wp-block-list is-style-decorative\">\n<li class=\"has-l-font-size\" style=\"line-height:2.4\"><strong>Virtu\u00e1ln\u00ed servery (VM) a kontejnery: <\/strong>m\u016f\u017eete provozovat klasick\u00e9 virtualizovan\u00e9 syst\u00e9my a modern\u00ed aplikace v kontejnerech, v\u010detn\u011b Kubernetes a OpenShift.<\/li>\n\n\n\n<li class=\"has-l-font-size\" style=\"line-height:2.4\"><strong>Datab\u00e1ze a aplika\u010dn\u00ed platformy:<\/strong> jednoduch\u00e9 nasazen\u00ed datab\u00e1z\u00ed, v\u00fdvojov\u00fdch prost\u0159ed\u00ed, integra\u010dn\u00edch slu\u017eeb a podnikov\u00fdch aplikac\u00ed.<\/li>\n\n\n\n<li class=\"has-l-font-size\" style=\"line-height:2.4\"><strong>Bezpe\u010dn\u00e9 prost\u0159ed\u00ed:<\/strong> data z\u016fst\u00e1vaj\u00ed v na\u0161em bratislavsk\u00e9m datacentru, chr\u00e1n\u011bn\u00e9m v\u00edce\u00farov\u0148ov\u00fdm zabezpe\u010den\u00edm a v souladu se standardy ISO 27001 a NIS2.<\/li>\n\n\n\n<li class=\"has-l-font-size\" style=\"line-height:2.4\"><strong>\u0160k\u00e1lovatelnost a efektivita:<\/strong>v\u00fdpo\u010detn\u00ed v\u00fdkon a \u00falo\u017ei\u0161t\u011b je mo\u017en\u00e9 kdykoli roz\u0161\u00ed\u0159it podle aktu\u00e1ln\u00ed pot\u0159eby, p\u0159i\u010dem\u017e plat\u00edte pouze za re\u00e1ln\u011b vyu\u017eit\u00e9 kapacity.<\/li>\n<\/ul>\n<\/div>\n\n\n\n<div style=\"height:100px\" aria-hidden=\"true\" class=\"wp-block-spacer\"><\/div>\n\n\n\n<h5 class=\"wp-block-heading\">Pro koho je priv\u00e1tn\u00ed typ cloudu vhodn\u00fd?<\/h5>\n\n\n\n<ul class=\"wp-block-list\">\n<li style=\"line-height:2\">Pro firmy vy\u017eaduj\u00edc\u00ed vysokou \u00farove\u0148 bezpe\u010dnosti a compliance<\/li>\n\n\n\n<li style=\"line-height:2\">Pro z\u00e1kazn\u00edky, kte\u0159\u00ed pot\u0159ebuj\u00ed kombinovat tradi\u010dn\u00ed aplikace s modern\u00edmi cloud-native technologiemi<\/li>\n\n\n\n<li style=\"line-height:2\">Pro firmy, kter\u00e9 hledaj\u00ed efektivn\u00ed cestu k hybridn\u00edmu cloudu s mo\u017enost\u00ed budouc\u00ed expanze<\/li>\n<\/ul>\n\n\n\n<p>Zaru\u010d\u00edme v\u00e1m, \u017ee va\u0161e IT infrastruktura bude p\u0159ipravena nejen na sou\u010dasn\u00e9 po\u017eadavky, ale i na budouc\u00ed rozvoj \u2013 od b\u011b\u017en\u00fdch aplikac\u00ed a\u017e po modern\u00ed digit\u00e1ln\u00ed slu\u017eby.<\/p>\n\n\n\n<div class=\"wp-block-columns is-style-media-content is-layout-flex wp-container-core-columns-is-layout-602f8b02 wp-block-columns-is-layout-flex\">\n<div class=\"wp-block-column is-vertically-aligned-center is-layout-flow wp-block-column-is-layout-flow\">\n<figure class=\"wp-block-image size-large is-style-masked-left\"><img decoding=\"async\" width=\"1024\" height=\"819\" src=\"data:image\/svg+xml,%3Csvg%20width%3D%221024%22%20height%3D%22819%22%20xmlns%3D%22http:\/\/www.w3.org\/2000\/svg%22%20viewBox%3D%220%200%201024%20819%22%3E%3C\/svg%3E\" alt class=\"wp-image-4686 f-content__image f-lazy js-lazy\" data-src=\"https:\/\/asseco-ce.cloud\/wp-content\/uploads\/2025\/11\/online-cloud-data-storage-concept-cloudscape-digital-online-server-global-network-business-web-database-backup-computer-private-infrastructure-technology-edited-1-1024x819.jpg\" data-srcset=\"https:\/\/asseco-ce.cloud\/wp-content\/uploads\/2025\/11\/online-cloud-data-storage-concept-cloudscape-digital-online-server-global-network-business-web-database-backup-computer-private-infrastructure-technology-edited-1-1024x819.jpg 1024w, https:\/\/asseco-ce.cloud\/wp-content\/uploads\/2025\/11\/online-cloud-data-storage-concept-cloudscape-digital-online-server-global-network-business-web-database-backup-computer-private-infrastructure-technology-edited-1-300x240.jpg 300w, https:\/\/asseco-ce.cloud\/wp-content\/uploads\/2025\/11\/online-cloud-data-storage-concept-cloudscape-digital-online-server-global-network-business-web-database-backup-computer-private-infrastructure-technology-edited-1-768x614.jpg 768w, https:\/\/asseco-ce.cloud\/wp-content\/uploads\/2025\/11\/online-cloud-data-storage-concept-cloudscape-digital-online-server-global-network-business-web-database-backup-computer-private-infrastructure-technology-edited-1-15x12.jpg 15w, https:\/\/asseco-ce.cloud\/wp-content\/uploads\/2025\/11\/online-cloud-data-storage-concept-cloudscape-digital-online-server-global-network-business-web-database-backup-computer-private-infrastructure-technology-edited-1.jpg 1280w\" data-sizes=\"(max-width: 1024px) 100vw, 1024px\" fetchpriority=\"low\"><\/figure>\n<\/div>\n\n\n\n<div class=\"wp-block-column is-vertically-aligned-center is-layout-flow wp-block-column-is-layout-flow\">\n<div class=\"wp-block-group is-style-decorative-left is-vertical is-layout-flex wp-container-core-group-is-layout-37c386f8 wp-block-group-is-layout-flex\" style=\"padding-left:var(--wp--preset--spacing--xl)\">\n<div class=\"wp-block-group is-style-default is-vertical is-layout-flex wp-container-core-group-is-layout-ccbee36c wp-block-group-is-layout-flex\">\n<h2 class=\"wp-block-heading has-accent-color has-text-color has-link-color wp-elements-ba6e7ad8875c498c960f00ef6e228941\">Priv\u00e1tn\u00ed cloud <br>on-premise u z\u00e1kazn\u00edka<\/h2>\n<\/div>\n\n\n\n<p>Navrhujeme a dod\u00e1v\u00e1me komplexn\u00ed \u0159e\u0161en\u00ed priv\u00e1tn\u00edho cloudu, kter\u00e9 je fyzicky um\u00edst\u011bno ve va\u0161ich firemn\u00edch prostor\u00e1ch. Zajist\u00edme jeho pln\u00fd provoz, spr\u00e1vu i technickou podporu \u2013 bez pot\u0159eby migrace do ve\u0159ejn\u00e9ho cloudu.<\/p>\n<\/div>\n<\/div>\n<\/div>\n\n\n\n<div class=\"wp-block-group is-style-form has-background-background-color has-background has-global-padding is-content-justification-left is-layout-constrained wp-container-core-group-is-layout-12dd3699 wp-block-group-is-layout-constrained\">\n<h5 class=\"wp-block-heading\">Popis priv\u00e1tn\u00edho on-premise cloudu<\/h5>\n\n\n\n<ul class=\"wp-block-list is-style-decorative\">\n<li class=\"has-l-font-size\" style=\"line-height:2.3\"><strong>Bezpe\u010dnost: <\/strong>priv\u00e1tn\u00ed cloud v\u00e1m umo\u017en\u00ed uchov\u00e1vat citliv\u00e1 data lok\u00e1ln\u011b, v souladu s intern\u00edmi politikami a legislativn\u00edmi po\u017eadavky. D\u00edky tomu m\u00e1te plnou kontrolu nad infrastrukturou, p\u0159\u00edstupy a bezpe\u010dnostn\u00edmi nastaven\u00edmi.<br><\/li>\n\n\n\n<li class=\"has-l-font-size\" style=\"line-height:2.3\"><strong>Komplexn\u00ed implementace a spr\u00e1va:<\/strong> zajist\u00edme n\u00e1vrh architektury, dod\u00e1vku technologie, instalaci, konfiguraci, monitoring a pravidelnou \u00fadr\u017ebu. Na\u0161e \u0159e\u0161en\u00ed zahrnuje tak\u00e9 SLA, reporting a technickou podporu podle va\u0161ich pot\u0159eb.<br><\/li>\n\n\n\n<li class=\"has-l-font-size\" style=\"line-height:2.3\"><strong>\u0158e\u0161en\u00ed na kl\u00ed\u010d:<\/strong> priv\u00e1tn\u00ed cloud dod\u00e1me jako slu\u017ebu \u2013 od \u00favodn\u00ed anal\u00fdzy a\u017e po ka\u017edodenn\u00ed provoz. \u0158e\u0161en\u00ed je \u0161k\u00e1lovateln\u00e9 a pln\u011b p\u0159izp\u016fsoben\u00e9 va\u0161im provozn\u00edm a bezpe\u010dnostn\u00edm po\u017eadavk\u016fm.<\/li>\n<\/ul>\n<\/div>\n\n\n\n<div style=\"height:100px\" aria-hidden=\"true\" class=\"wp-block-spacer\"><\/div>\n\n\n\n<h5 class=\"wp-block-heading\">Pro koho je priv\u00e1tn\u00ed typ cloudu vhodn\u00fd?<\/h5>\n\n\n\n<ul class=\"wp-block-list\">\n<li style=\"line-height:2\">Firmy s vysok\u00fdmi n\u00e1roky na bezpe\u010dnost a compliance<\/li>\n\n\n\n<li style=\"line-height:2\">Organizace, kter\u00e9 preferuj\u00ed lok\u00e1ln\u00ed datov\u00e9 \u00falo\u017ei\u0161t\u011b<\/li>\n\n\n\n<li style=\"line-height:2\">T\u00fdmy, kter\u00e9 cht\u011bj\u00ed vyu\u017e\u00edvat v\u00fdhody cloudu bez migrace do ve\u0159ejn\u00e9ho prost\u0159ed\u00ed<\/li>\n<\/ul>\n\n\n\n<p><\/p>","protected":false},"excerpt":{"rendered":"<p>N\u00e1\u0161 priv\u00e1tny cloud Cloudov\u00e9 rie\u0161enie od Asseco CE Cloud&nbsp;je ide\u00e1lnym modelom pre firmy, ktor\u00e9 potrebuj\u00fa maxim\u00e1lnu kontrolu nad svojimi d\u00e1tami, vysok\u00fd v\u00fdkon a spo\u013eahliv\u00fa dostupnos\u0165. V\u0161etky aplik\u00e1cie a syst\u00e9my be\u017eia na na\u0161ej vlastnej infra\u0161trukt\u00fare, pod doh\u013eadom t\u00edmu odborn\u00edkov. N\u00e1\u0161 priv\u00e1tny cloud poskytne &#8230;<\/p>","protected":false},"author":2,"featured_media":15,"parent":7,"menu_order":10,"comment_status":"closed","ping_status":"closed","template":"template-subpage.php","meta":{"_seopress_robots_primary_cat":"","_seopress_titles_title":"Priv\u00e1tny cloud | Asseco CE Cloud","_seopress_titles_desc":"Maxim\u00e1lna kontrola nad d\u00e1tami \u2705 Vysok\u00fd v\u00fdkon a dostupnos\u0165 \u2705 Spo\u013eahliv\u00fd partner Asseco CE Cloud pre cloudov\u00e9 rie\u0161enia.","_seopress_robots_index":"","inline_featured_image":false,"_uf_show_specific_survey":0,"_uf_disable_surveys":false,"footnotes":""},"class_list":["post-58","page","type-page","status-publish","has-post-thumbnail","hentry"],"_links":{"self":[{"href":"https:\/\/asseco-ce.cloud\/cs\/wp-json\/wp\/v2\/pages\/58","targetHints":{"allow":["GET"]}}],"collection":[{"href":"https:\/\/asseco-ce.cloud\/cs\/wp-json\/wp\/v2\/pages"}],"about":[{"href":"https:\/\/asseco-ce.cloud\/cs\/wp-json\/wp\/v2\/types\/page"}],"author":[{"embeddable":true,"href":"https:\/\/asseco-ce.cloud\/cs\/wp-json\/wp\/v2\/users\/2"}],"replies":[{"embeddable":true,"href":"https:\/\/asseco-ce.cloud\/cs\/wp-json\/wp\/v2\/comments?post=58"}],"version-history":[{"count":7,"href":"https:\/\/asseco-ce.cloud\/cs\/wp-json\/wp\/v2\/pages\/58\/revisions"}],"predecessor-version":[{"id":4989,"href":"https:\/\/asseco-ce.cloud\/cs\/wp-json\/wp\/v2\/pages\/58\/revisions\/4989"}],"up":[{"embeddable":true,"href":"https:\/\/asseco-ce.cloud\/cs\/wp-json\/wp\/v2\/pages\/7"}],"wp:featuredmedia":[{"embeddable":true,"href":"https:\/\/asseco-ce.cloud\/cs\/wp-json\/wp\/v2\/media\/15"}],"wp:attachment":[{"href":"https:\/\/asseco-ce.cloud\/cs\/wp-json\/wp\/v2\/media?parent=58"}],"curies":[{"name":"wp","href":"https:\/\/api.w.org\/{rel}","templated":true}]}}