{"id":5,"date":"2023-06-16T22:58:29","date_gmt":"2023-06-16T20:58:29","guid":{"rendered":"https:\/\/www.asseco-ce.cloud\/?page_id=5"},"modified":"2025-06-24T17:08:14","modified_gmt":"2025-06-24T15:08:14","slug":"uvod","status":"publish","type":"page","link":"https:\/\/asseco-ce.cloud\/cs\/","title":{"rendered":"\u00davod"},"content":{"rendered":"","protected":false},"excerpt":{"rendered":"","protected":false},"author":2,"featured_media":42,"parent":0,"menu_order":10,"comment_status":"closed","ping_status":"closed","template":"template-homepage.php","meta":{"_seopress_robots_primary_cat":"","_seopress_titles_title":"Cloudov\u00e9 a IT rie\u0161enia na mieru | Asseco CE Cloud","_seopress_titles_desc":"Spo\u013eahliv\u00e9 cloudov\u00e9 a IT slu\u017eby pre firmy \u2705 Datacentr\u00e1, cloud computing a bezpe\u010dnos\u0165 \u2705 Modern\u00e9 rie\u0161enia na mieru pre v\u00e1\u0161 biznis.","_seopress_robots_index":"","inline_featured_image":false,"_uf_show_specific_survey":0,"_uf_disable_surveys":false,"footnotes":""},"class_list":["post-5","page","type-page","status-publish","has-post-thumbnail","hentry"],"_links":{"self":[{"href":"https:\/\/asseco-ce.cloud\/cs\/wp-json\/wp\/v2\/pages\/5","targetHints":{"allow":["GET"]}}],"collection":[{"href":"https:\/\/asseco-ce.cloud\/cs\/wp-json\/wp\/v2\/pages"}],"about":[{"href":"https:\/\/asseco-ce.cloud\/cs\/wp-json\/wp\/v2\/types\/page"}],"author":[{"embeddable":true,"href":"https:\/\/asseco-ce.cloud\/cs\/wp-json\/wp\/v2\/users\/2"}],"replies":[{"embeddable":true,"href":"https:\/\/asseco-ce.cloud\/cs\/wp-json\/wp\/v2\/comments?post=5"}],"version-history":[{"count":1,"href":"https:\/\/asseco-ce.cloud\/cs\/wp-json\/wp\/v2\/pages\/5\/revisions"}],"predecessor-version":[{"id":2732,"href":"https:\/\/asseco-ce.cloud\/cs\/wp-json\/wp\/v2\/pages\/5\/revisions\/2732"}],"wp:featuredmedia":[{"embeddable":true,"href":"https:\/\/asseco-ce.cloud\/cs\/wp-json\/wp\/v2\/media\/42"}],"wp:attachment":[{"href":"https:\/\/asseco-ce.cloud\/cs\/wp-json\/wp\/v2\/media?parent=5"}],"curies":[{"name":"wp","href":"https:\/\/api.w.org\/{rel}","templated":true}]}}