{"id":3952,"date":"2025-09-26T16:13:36","date_gmt":"2025-09-26T14:13:36","guid":{"rendered":"https:\/\/asseco-ce.cloud\/?page_id=3952"},"modified":"2025-09-26T18:44:50","modified_gmt":"2025-09-26T16:44:50","slug":"digitalizacia-skolstva","status":"publish","type":"page","link":"https:\/\/asseco-ce.cloud\/cs\/digitalizacia-skolstva\/","title":{"rendered":"Digitalizace \u0161kolstva"},"content":{"rendered":"<p>T\u00e1to podstr\u00e1nka je ur\u010den\u00e1 pre z\u00e1kladn\u00e9 a stredn\u00e9 \u0161koly, ktor\u00fdm boli dodan\u00e9 koncov\u00e9 zariadenia (tablety, po\u010d\u00edta\u010de, tla\u010diarne, reproduktory a projektory) v r\u00e1mci programu DigiEU. N\u00e1jdete na nej podrobn\u00fd n\u00e1vod, ktor\u00fd zabezpe\u010duje bezprobl\u00e9mov\u00fd priebeh zapojenia zariaden\u00ed a ich in\u0161tal\u00e1cie.<\/p>\n\n\n\n<h4 class=\"wp-block-heading\"><strong>Tablety<\/strong><\/h4>\n\n\n\n<p class=\"has-l-font-size\">1.Lenovo Tab K11<\/p>\n\n\n\n<figure class=\"wp-block-video alignleft\"><video height=\"720\" style=\"aspect-ratio: 1280 \/ 720;\" width=\"1280\" controls src=\"https:\/\/asseco-ce.cloud\/wp-content\/uploads\/2025\/09\/1a-Lenovo-Tab-K11-v2-nb_compressed.mp4\"><\/video><\/figure>\n\n\n\n<p><br><br><\/p>\n\n\n\n<p><\/p>\n\n\n\n<p class=\"has-l-font-size\">2. Lenovo IdeaPad Duet3<\/p>\n\n\n\n<figure class=\"wp-block-video\"><video height=\"720\" style=\"aspect-ratio: 1280 \/ 720;\" width=\"1280\" controls src=\"https:\/\/asseco-ce.cloud\/wp-content\/uploads\/2025\/09\/1b-Lenovo-IdeaPad-Duet-3-v2-nb_compressed-3.mp4\"><\/video><\/figure>\n\n\n\n<p class=\"has-l-font-size\">3. Galaxy Tab S9<\/p>\n\n\n\n<figure class=\"wp-block-video alignleft\"><video height=\"1080\" style=\"aspect-ratio: 1920 \/ 1080;\" width=\"1920\" controls src=\"https:\/\/asseco-ce.cloud\/wp-content\/uploads\/2025\/09\/10-Galaxy-Tab-S9_compressed.mp4\"><\/video><\/figure>\n\n\n\n<p><\/p>\n\n\n\n<h4 class=\"wp-block-heading has-accent-color has-text-color has-link-color wp-elements-a479e97f23a600f7426bba3191e68d87\"><strong>Notebooky<\/strong>, stolov\u00e9 po\u010d\u00edta\u010de a monitory <\/h4>\n\n\n\n<p class=\"has-l-font-size\">1. Notebook DELL pro 14<\/p>\n\n\n\n<figure class=\"wp-block-video\"><video height=\"1080\" style=\"aspect-ratio: 1920 \/ 1080;\" width=\"1920\" controls src=\"https:\/\/asseco-ce.cloud\/wp-content\/uploads\/2025\/09\/2a-Notebook-DELL-pro-14_compressed-1.mp4\"><\/video><\/figure>\n\n\n\n<p class=\"has-l-font-size\"><\/p>\n\n\n\n<p class=\"has-l-font-size\">2. NOTEBOOK Lenovo ThinkBook 16<\/p>\n\n\n\n<figure class=\"wp-block-video alignleft\"><video height=\"1080\" style=\"aspect-ratio: 1920 \/ 1080;\" width=\"1920\" controls src=\"https:\/\/asseco-ce.cloud\/wp-content\/uploads\/2025\/09\/2b-NOTEBOOK-Lenovo-16_compressed.mp4\"><\/video><\/figure>\n\n\n\n<p class=\"has-l-font-size\"><\/p>\n\n\n\n<p class=\"has-l-font-size\">3. Lenovo ThinkBook 16 G7 ARP Touch<\/p>\n\n\n\n<figure class=\"wp-block-video alignleft\"><video height=\"1080\" style=\"aspect-ratio: 1920 \/ 1080;\" width=\"1920\" controls src=\"https:\/\/asseco-ce.cloud\/wp-content\/uploads\/2025\/09\/2c-Lenovo-ThinkBook-16-G7-ARP-Touch_compressed.mp4\"><\/video><\/figure>\n\n\n\n<p class=\"has-l-font-size\"><\/p>\n\n\n\n<p class=\"has-l-font-size\">3. PC HP ProDesk 4 &amp; HP monitor HP E24mv<\/p>\n\n\n\n<figure class=\"wp-block-embed is-type-video is-provider-youtube wp-block-embed-youtube wp-embed-aspect-16-9 wp-has-aspect-ratio\"><div class=\"wp-block-embed__wrapper\">\n<iframe loading=\"lazy\" title=\"PC HP ProDesk 4 &amp; HP monitor\" width=\"500\" height=\"281\" src=\"https:\/\/www.youtube.com\/embed\/q3xDjkBs5I4?feature=oembed\" frameborder=\"0\" allow=\"accelerometer; autoplay; clipboard-write; encrypted-media; gyroscope; picture-in-picture; web-share\" referrerpolicy=\"strict-origin-when-cross-origin\" allowfullscreen><\/iframe>\n<\/div><\/figure>\n\n\n\n<p class=\"has-l-font-size\">4. HP ProBook 455 G10<\/p>\n\n\n\n<figure class=\"wp-block-video alignleft\"><video height=\"1080\" style=\"aspect-ratio: 1920 \/ 1080;\" width=\"1920\" controls src=\"https:\/\/asseco-ce.cloud\/wp-content\/uploads\/2025\/09\/3b-HP-ProBook-455-G10_compressed.mp4\"><\/video><\/figure>\n\n\n\n<p class=\"has-l-font-size\"><\/p>\n\n\n\n<p><\/p>\n\n\n\n<p class=\"has-l-font-size\">5. DELL Pro 24 AiO<\/p>\n\n\n\n<figure class=\"wp-block-video\"><video height=\"1080\" style=\"aspect-ratio: 1920 \/ 1080;\" width=\"1920\" controls src=\"https:\/\/asseco-ce.cloud\/wp-content\/uploads\/2025\/09\/3c-DELL-Pro-24-AiO_compressed.mp4\"><\/video><\/figure>\n\n\n\n<p class=\"has-l-font-size\">6. Lenovo ThinkBook <\/p>\n\n\n\n<figure class=\"wp-block-embed is-type-video is-provider-youtube wp-block-embed-youtube wp-embed-aspect-16-9 wp-has-aspect-ratio\"><div class=\"wp-block-embed__wrapper\">\n<iframe loading=\"lazy\" title=\"Lenovo ThinkBook 16 G7 ARP Touch\" width=\"500\" height=\"281\" src=\"https:\/\/www.youtube.com\/embed\/Si_nQM9IeuE?feature=oembed\" frameborder=\"0\" allow=\"accelerometer; autoplay; clipboard-write; encrypted-media; gyroscope; picture-in-picture; web-share\" referrerpolicy=\"strict-origin-when-cross-origin\" allowfullscreen><\/iframe>\n<\/div><\/figure>\n\n\n\n<p class=\"has-l-font-size\">7. Monitor Viewsonic<\/p>\n\n\n\n<figure class=\"wp-block-video\"><video height=\"1080\" style=\"aspect-ratio: 1920 \/ 1080;\" width=\"1920\" controls src=\"https:\/\/asseco-ce.cloud\/wp-content\/uploads\/2025\/09\/13-Viewsonic-VG2409U-2_compressed-1.mp4\"><\/video><\/figure>\n\n\n\n<h4 class=\"wp-block-heading has-accent-color has-text-color has-link-color wp-elements-0fac1cef10cd31613d2d9644bc792c21\">Tla\u010diarne<\/h4>\n\n\n\n<p class=\"has-l-font-size\">1. Tla\u010diare\u0148 OKI<\/p>\n\n\n\n<figure class=\"wp-block-embed is-type-video is-provider-youtube wp-block-embed-youtube wp-embed-aspect-16-9 wp-has-aspect-ratio\"><div class=\"wp-block-embed__wrapper\">\n<iframe loading=\"lazy\" title=\"Tlaciaren OKI\" width=\"500\" height=\"281\" src=\"https:\/\/www.youtube.com\/embed\/w_AaoPwWLOE?feature=oembed\" frameborder=\"0\" allow=\"accelerometer; autoplay; clipboard-write; encrypted-media; gyroscope; picture-in-picture; web-share\" referrerpolicy=\"strict-origin-when-cross-origin\" allowfullscreen><\/iframe>\n<\/div><\/figure>\n\n\n\n<p class=\"has-l-font-size\">2. Tla\u010diare\u0148 Brother <\/p>\n\n\n\n<figure class=\"wp-block-video\"><video height=\"1080\" style=\"aspect-ratio: 1920 \/ 1080;\" width=\"1920\" controls src=\"https:\/\/asseco-ce.cloud\/wp-content\/uploads\/2025\/09\/5-aj-11-Tlaciaren-Brother-DCP-L8410CDW-MFC-L8690CDW_compressed.mp4\"><\/video><\/figure>\n\n\n\n<h4 class=\"wp-block-heading has-accent-color has-text-color has-link-color wp-elements-01bf1ad0d4d1841181fd83eb4b655ff4\">Interakt\u00edvne obrazovky<\/h4>\n\n\n\n<p class=\"has-l-font-size\">1. Interakt\u00edvna obrazovka Viewsonic ViewBoard<\/p>\n\n\n\n<figure class=\"wp-block-video alignleft\"><video height=\"1080\" style=\"aspect-ratio: 1920 \/ 1080;\" width=\"1920\" controls src=\"https:\/\/asseco-ce.cloud\/wp-content\/uploads\/2025\/09\/6-Interaktivna-obrazovka-Viewsonic-ViewBoard-IFP6552-2F-a-IFP7552-2F_compressed.mp4\"><\/video><\/figure>\n\n\n\n<h4 class=\"wp-block-heading has-accent-color has-text-color has-link-color wp-elements-371a9a23081699d0a6c04cd97542e105\"><br><\/h4>\n\n\n\n<p><\/p>\n\n\n\n<h4 class=\"wp-block-heading has-accent-color has-text-color has-link-color wp-elements-f94d267939a2bbf0cc3cafd6170578c8\">Reproduktory<\/h4>\n\n\n\n<p class=\"has-l-font-size\">1. Reproduktory SVEN <\/p>\n\n\n\n<figure class=\"wp-block-embed is-type-video is-provider-youtube wp-block-embed-youtube wp-embed-aspect-16-9 wp-has-aspect-ratio\"><div class=\"wp-block-embed__wrapper\">\n<iframe loading=\"lazy\" title=\"Reproduktory SVEN SPS 725\" width=\"500\" height=\"281\" src=\"https:\/\/www.youtube.com\/embed\/otLB_zyh29g?feature=oembed\" frameborder=\"0\" allow=\"accelerometer; autoplay; clipboard-write; encrypted-media; gyroscope; picture-in-picture; web-share\" referrerpolicy=\"strict-origin-when-cross-origin\" allowfullscreen><\/iframe>\n<\/div><\/figure>\n\n\n\n<h4 class=\"wp-block-heading has-accent-color has-text-color has-link-color wp-elements-345ab5bfe3e7464962397357492a2827\">Projektory<\/h4>\n\n\n\n<p class=\"has-l-font-size\">1. Projektor Viewsonic <\/p>\n\n\n\n<figure class=\"wp-block-video alignleft\"><video height=\"1080\" style=\"aspect-ratio: 1920 \/ 1080;\" width=\"1920\" controls src=\"https:\/\/asseco-ce.cloud\/wp-content\/uploads\/2025\/09\/12-Projektor-Viewsonic-LSD300W-ST_compressed.mp4\"><\/video><\/figure>\n\n\n\n<p><\/p>","protected":false},"excerpt":{"rendered":"<p>T\u00e1to podstr\u00e1nka je ur\u010den\u00e1 pre z\u00e1kladn\u00e9 a stredn\u00e9 \u0161koly, ktor\u00fdm boli dodan\u00e9 koncov\u00e9 zariadenia (tablety, po\u010d\u00edta\u010de, tla\u010diarne, reproduktory a projektory) v r\u00e1mci programu DigiEU. N\u00e1jdete na nej podrobn\u00fd n\u00e1vod, ktor\u00fd zabezpe\u010duje bezprobl\u00e9mov\u00fd priebeh zapojenia zariaden\u00ed a ich in\u0161tal\u00e1cie. Tablety 1.Lenovo Tab K11 &#8230;<\/p>","protected":false},"author":2,"featured_media":3960,"parent":0,"menu_order":0,"comment_status":"closed","ping_status":"closed","template":"","meta":{"_seopress_robots_primary_cat":"","_seopress_titles_title":"","_seopress_titles_desc":"","_seopress_robots_index":"","inline_featured_image":false,"_uf_show_specific_survey":0,"_uf_disable_surveys":false,"footnotes":""},"class_list":["post-3952","page","type-page","status-publish","has-post-thumbnail","hentry"],"_links":{"self":[{"href":"https:\/\/asseco-ce.cloud\/cs\/wp-json\/wp\/v2\/pages\/3952","targetHints":{"allow":["GET"]}}],"collection":[{"href":"https:\/\/asseco-ce.cloud\/cs\/wp-json\/wp\/v2\/pages"}],"about":[{"href":"https:\/\/asseco-ce.cloud\/cs\/wp-json\/wp\/v2\/types\/page"}],"author":[{"embeddable":true,"href":"https:\/\/asseco-ce.cloud\/cs\/wp-json\/wp\/v2\/users\/2"}],"replies":[{"embeddable":true,"href":"https:\/\/asseco-ce.cloud\/cs\/wp-json\/wp\/v2\/comments?post=3952"}],"version-history":[{"count":22,"href":"https:\/\/asseco-ce.cloud\/cs\/wp-json\/wp\/v2\/pages\/3952\/revisions"}],"predecessor-version":[{"id":3994,"href":"https:\/\/asseco-ce.cloud\/cs\/wp-json\/wp\/v2\/pages\/3952\/revisions\/3994"}],"wp:featuredmedia":[{"embeddable":true,"href":"https:\/\/asseco-ce.cloud\/cs\/wp-json\/wp\/v2\/media\/3960"}],"wp:attachment":[{"href":"https:\/\/asseco-ce.cloud\/cs\/wp-json\/wp\/v2\/media?parent=3952"}],"curies":[{"name":"wp","href":"https:\/\/api.w.org\/{rel}","templated":true}]}}