{"id":3151,"date":"2025-07-30T17:01:11","date_gmt":"2025-07-30T15:01:11","guid":{"rendered":"https:\/\/asseco-ce.cloud\/?page_id=3151"},"modified":"2026-01-21T15:57:29","modified_gmt":"2026-01-21T14:57:29","slug":"amazon-web-services-aws","status":"publish","type":"page","link":"https:\/\/asseco-ce.cloud\/cs\/outsourcing-it-sluzeb\/amazon-web-services-aws\/","title":{"rendered":"Amazon Web Services (AWS)"},"content":{"rendered":"<div class=\"wp-block-columns alignwide is-style-container is-layout-flex wp-container-core-columns-is-layout-28f84493 wp-block-columns-is-layout-flex\">\n<div class=\"wp-block-column is-layout-flow wp-block-column-is-layout-flow\" style=\"flex-basis:85%\">\n<div class=\"wp-block-group is-vertical is-layout-flex wp-container-core-group-is-layout-ccbee36c wp-block-group-is-layout-flex\">\n<div style=\"height:0px\" aria-hidden=\"true\" class=\"wp-block-spacer wp-container-content-6388d5dc\"><\/div>\n\n\n\n<h2 class=\"wp-block-heading has-accent-color has-text-color has-link-color has-primary-font-family wp-elements-d9796bbb593847a0ddc8e53c97029236\">V\u00e1\u0161 byznys v cloudu \u2013 bezpe\u010dn\u011b, <br>efektivn\u011b a \u0161k\u00e1lovateln\u011b s Asseco CE Cloud.<\/h2>\n<\/div>\n\n\n\n<div class=\"wp-block-group is-nowrap is-layout-flex wp-container-core-group-is-layout-6c531013 wp-block-group-is-layout-flex\">\n<p class=\"has-primary-font-family\">Jsme certifikovan\u00fdm partnerem AWS a pom\u00e1h\u00e1me firm\u00e1m s implementac\u00ed modern\u00ed cloudov\u00e9 infrastruktury. D\u00edky siln\u00e9mu projektov\u00e9mu zastoupen\u00ed ve st\u0159edn\u00ed Evrop\u011b jsme partnerem, kter\u00fd p\u0159in\u00e1\u0161\u00ed spolehliv\u00e1 cloudov\u00e1 \u0159e\u0161en\u00ed \u0161it\u00e1 na m\u00edru. Na\u0161e podpora zahrnuje nejen technick\u00e9 zabezpe\u010den\u00ed, ale tak\u00e9 odborn\u00e9 poradenstv\u00ed a pravidelnou \u00fadr\u017ebu slu\u017eeb.<\/p>\n<\/div>\n<\/div>\n\n\n\n<div class=\"wp-block-column is-vertically-aligned-center is-layout-flow wp-block-column-is-layout-flow\" style=\"flex-basis:15%\">\n<figure class=\"wp-block-image aligncenter size-full is-style-default\"><img decoding=\"async\" width=\"1000\" height=\"1000\" data-image-position=\"1\" src=\"https:\/\/asseco-ce.cloud\/wp-content\/uploads\/2026\/01\/AWS-Partner-Select-Tier-Services.png\" alt class=\"wp-image-5732 f-content__image\" srcset=\"https:\/\/asseco-ce.cloud\/wp-content\/uploads\/2026\/01\/AWS-Partner-Select-Tier-Services.png 1000w, https:\/\/asseco-ce.cloud\/wp-content\/uploads\/2026\/01\/AWS-Partner-Select-Tier-Services-300x300.png 300w, https:\/\/asseco-ce.cloud\/wp-content\/uploads\/2026\/01\/AWS-Partner-Select-Tier-Services-150x150.png 150w, https:\/\/asseco-ce.cloud\/wp-content\/uploads\/2026\/01\/AWS-Partner-Select-Tier-Services-768x768.png 768w, https:\/\/asseco-ce.cloud\/wp-content\/uploads\/2026\/01\/AWS-Partner-Select-Tier-Services-12x12.png 12w, https:\/\/asseco-ce.cloud\/wp-content\/uploads\/2026\/01\/AWS-Partner-Select-Tier-Services-240x240.png 240w\" sizes=\"(max-width: 1000px) 100vw, 1000px\" fetchpriority=\"high\"><\/figure>\n<\/div>\n<\/div>\n\n\n\n<section class=\"wp-block-group alignwide is-style-form has-background-background-color has-background is-vertical is-layout-flex wp-container-core-group-is-layout-fe9cc265 wp-block-group-is-layout-flex\" id=\"profil-spolocnosti\">\n<header class=\"wp-block-group is-vertical is-layout-flex wp-container-core-group-is-layout-ccbee36c wp-block-group-is-layout-flex\">\n<h2 class=\"wp-block-heading has-primary-color has-text-color\">Va\u0161e cesta do cloudu<\/h2>\n\n\n\n<p><\/p>\n<\/header>\n\n\n\n<div class=\"wp-block-columns is-layout-flex wp-container-core-columns-is-layout-28232c24 wp-block-columns-is-layout-flex\">\n<div class=\"wp-block-column is-layout-flow wp-block-column-is-layout-flow\">\n<div class=\"wp-block-group is-style-timeline has-global-padding is-layout-constrained wp-container-core-group-is-layout-ef7f83af wp-block-group-is-layout-constrained\">\n<h2 class=\"wp-block-heading is-style-default has-primary-color has-text-color has-h-6-font-size\">AWS strategie<\/h2>\n\n\n\n<p class=\"has-primary-color has-text-color\">Pom\u016f\u017eeme v\u00e1m identifikovat rizika a p\u0159\u00edle\u017eitosti p\u0159ed migrac\u00ed do cloudu a posoud\u00edme p\u0159ipravenost firmy na p\u0159echod.<\/p>\n<\/div>\n<\/div>\n\n\n\n<div class=\"wp-block-column is-layout-flow wp-block-column-is-layout-flow\">\n<div class=\"wp-block-group is-style-timeline has-global-padding is-layout-constrained wp-container-core-group-is-layout-ef7f83af wp-block-group-is-layout-constrained\">\n<h2 class=\"wp-block-heading has-primary-color has-text-color has-h-6-font-size\">Konzultace k AWS<\/h2>\n\n\n\n<p class=\"has-primary-color has-text-color\">Poskytneme odborn\u00e9 vedenie pri pl\u00e1novan\u00ed aj samotnej adapt\u00e1ci\u00ed na AWS tak, aby bol v\u00e1\u0161 prechod do cloudu plynul\u00fd a&nbsp;bezprobl\u00e9mov\u00fd.<\/p>\n<\/div>\n<\/div>\n\n\n\n<div class=\"wp-block-column is-layout-flow wp-block-column-is-layout-flow\">\n<div class=\"wp-block-group is-style-timeline has-global-padding is-layout-constrained wp-container-core-group-is-layout-ef7f83af wp-block-group-is-layout-constrained\">\n<h2 class=\"wp-block-heading has-primary-color has-text-color has-h-6-font-size\">Migrace do AWS<\/h2>\n\n\n\n<p class=\"has-primary-color has-text-color\">Identifikujeme najoptim\u00e1lnej\u0161iu cestu v\u00e1\u0161ho prechodu na platformu AWS a&nbsp;postar\u00e1me sa o&nbsp;bezstarostn\u00fa implement\u00e1ciu.<\/p>\n<\/div>\n<\/div>\n\n\n\n<div class=\"wp-block-column is-layout-flow wp-block-column-is-layout-flow\">\n<div class=\"wp-block-group is-style-timeline has-global-padding is-layout-constrained wp-container-core-group-is-layout-ef7f83af wp-block-group-is-layout-constrained\">\n<h2 class=\"wp-block-heading has-primary-color has-text-color has-h-6-font-size\">Komplexn\u00ed podpora <\/h2>\n\n\n\n<p class=\"has-primary-color has-text-color\">Jsme v\u00e1m pln\u011b k dispozici v ka\u017ed\u00e9 f\u00e1zi, od strategie a\u017e po provozn\u00ed podporu.<\/p>\n<\/div>\n<\/div>\n<\/div>\n<\/section>\n\n\n\n<p><\/p>\n\n\n\n<h3 class=\"wp-block-heading\">AWS Experti<\/h3>\n\n\n\n<p>Za ka\u017edou \u00fasp\u011b\u0161nou cloudovou migrac\u00ed stoj\u00ed t\u00fdm specialist\u016f, kte\u0159\u00ed mysl\u00ed na ka\u017ed\u00fd detail. N\u00e1\u0161 AWS t\u00fdm disponuje odobrn\u00fdmi certifikacemi, kter\u00e9 podtrhuj\u00ed na\u0161i specializaci \u2013 od technick\u00e9ho presales, post-sales, p\u0159es deployment, marketing a\u017e po provozn\u00ed podporu.<\/p>\n\n\n\n<figure class=\"wp-block-image aligncenter size-large is-resized\"><img decoding=\"async\" width=\"262\" height=\"150\" src=\"data:image\/svg+xml,%3Csvg%20width%3D%22262%22%20height%3D%22150%22%20xmlns%3D%22http:\/\/www.w3.org\/2000\/svg%22%20viewBox%3D%220%200%20262%20150%22%3E%3C\/svg%3E\" alt class=\"wp-image-3667 f-content__image f-lazy js-lazy\" style=\"width:254px;height:auto\" data-src=\"https:\/\/asseco-ce.cloud\/wp-content\/uploads\/2025\/09\/CP-SA.png\" data-srcset=\"https:\/\/asseco-ce.cloud\/wp-content\/uploads\/2025\/09\/CP-SA.png 262w, https:\/\/asseco-ce.cloud\/wp-content\/uploads\/2025\/09\/CP-SA-18x10.png 18w\" data-sizes=\"(max-width: 262px) 100vw, 262px\" fetchpriority=\"low\"><\/figure>\n\n\n\n<h3 class=\"wp-block-heading is-style-default\">Na\u0161e \u0161pecializace <\/h3>\n\n\n\n<div class=\"wp-block-group is-style-decorative-left is-vertical is-layout-flex wp-container-core-group-is-layout-37c386f8 wp-block-group-is-layout-flex\" style=\"padding-left:var(--wp--preset--spacing--xl)\">\n<div class=\"wp-block-group is-vertical is-layout-flex wp-container-core-group-is-layout-ccbee36c wp-block-group-is-layout-flex\">\n<h5 class=\"wp-block-heading has-accent-color has-text-color has-link-color wp-elements-606837dba2e3e3cdaceb1d911abceff7\">Mana\u017eovan\u00e9 slu\u017eby<\/h5>\n<\/div>\n\n\n\n<ul class=\"wp-block-list is-style-caret\">\n<li>Ka\u017edodenn\u00ed spr\u00e1va, patchov\u00e1n\u00ed a z\u00e1lohov\u00e1n\u00ed<\/li>\n\n\n\n<li>Proaktivn\u00ed monitoring a reakce na incidenty v re\u00e1ln\u00e9m \u010dase \u2013 s definovanou SLA a odborn\u00fdm t\u00fdmem v pozad\u00ed<\/li>\n\n\n\n<li>Osv\u011bd\u010den\u00e9 bezpe\u010dnostn\u00ed postupy AWS a pomoc s pln\u011bn\u00edm regulac\u00ed (GDPR, ISO 27001, NIS2, DORA)<\/li>\n\n\n\n<li>&nbsp;Rychl\u00e9 nasazen\u00ed aplikac\u00ed d\u00edky automatizaci a DevOps p\u0159\u00edstupu<\/li>\n\n\n\n<li>&nbsp;Transparentn\u00ed n\u00e1klady a flexibilita<\/li>\n<\/ul>\n<\/div>\n\n\n\n<div class=\"wp-block-group is-style-decorative-left is-vertical is-content-justification-left is-layout-flex wp-container-core-group-is-layout-7e27f23d wp-block-group-is-layout-flex\" style=\"padding-left:var(--wp--preset--spacing--xl)\">\n<div class=\"wp-block-group is-vertical is-layout-flex wp-container-core-group-is-layout-ccbee36c wp-block-group-is-layout-flex\">\n<h5 class=\"wp-block-heading has-accent-color has-text-color has-link-color wp-elements-be9ceaa9a89a081bdbf06e90585ef7e3\">Bezpe\u010dnost <\/h5>\n<\/div>\n\n\n\n<ul class=\"wp-block-list is-style-caret\">\n<li>&nbsp;Ochrana p\u0159ed hrozbami v re\u00e1ln\u00e9m \u010dase<\/li>\n\n\n\n<li>&nbsp;Zero Trust p\u0159\u00edstup a \u0159\u00edzen\u00ed identity<\/li>\n\n\n\n<li>&nbsp;Nep\u0159etr\u017eit\u00e9 zabezpe\u010den\u00ed infrastruktury a dat<\/li>\n\n\n\n<li>&nbsp;Pln\u011bn\u00ed regula\u010dn\u00edch po\u017eadavk\u016f<\/li>\n\n\n\n<li>&nbsp;Bezpe\u010dnost jako slu\u017eba (Security as a Service)<\/li>\n<\/ul>\n<\/div>\n\n\n\n<div class=\"wp-block-group is-style-decorative-left is-vertical is-layout-flex wp-container-core-group-is-layout-37c386f8 wp-block-group-is-layout-flex\" style=\"padding-left:var(--wp--preset--spacing--xl)\">\n<div class=\"wp-block-group is-vertical is-layout-flex wp-container-core-group-is-layout-ccbee36c wp-block-group-is-layout-flex\">\n<h5 class=\"wp-block-heading has-accent-color has-text-color has-link-color wp-elements-43bd606f456fe715814d1a2dc80481f4\">IaC, Automatizace<\/h5>\n<\/div>\n\n\n\n<ul class=\"wp-block-list is-style-caret\">\n<li>&nbsp;Rychlej\u0161\u00ed a opakovateln\u00e9 nasazen\u00ed<\/li>\n\n\n\n<li>&nbsp;Verzov\u00e1n\u00ed a auditovatelnost zm\u011bn<\/li>\n\n\n\n<li>&nbsp;Ni\u017e\u0161\u00ed chybovost a vy\u0161\u0161\u00ed stabilita<\/li>\n\n\n\n<li>&nbsp;Rychl\u00fd onboarding a \u0161k\u00e1lov\u00e1n\u00ed<\/li>\n\n\n\n<li>&nbsp;Integrace s DevOps a pipeline n\u00e1stroji<\/li>\n<\/ul>\n<\/div>\n\n\n\n<div class=\"wp-block-group is-style-decorative-left is-vertical is-content-justification-left is-layout-flex wp-container-core-group-is-layout-7e27f23d wp-block-group-is-layout-flex\" style=\"padding-left:var(--wp--preset--spacing--xl)\">\n<div class=\"wp-block-group is-vertical is-layout-flex wp-container-core-group-is-layout-ccbee36c wp-block-group-is-layout-flex\">\n<h5 class=\"wp-block-heading has-accent-color has-text-color has-link-color wp-elements-da1d267e116ff71db025d6e32a0b7488\">Well Architectured Framework<\/h5>\n<\/div>\n\n\n\n<ul class=\"wp-block-list is-style-caret\">\n<li>&nbsp;Architektura ov\u011b\u0159en\u00e1 podle osv\u011bd\u010den\u00fdch postup\u016f AWS<\/li>\n\n\n\n<li>Zv\u00fd\u0161en\u00ed spolehlivosti a bezpe\u010dnosti dle standard\u016f AWS<\/li>\n\n\n\n<li>Optimalizace n\u00e1klad\u016f<\/li>\n\n\n\n<li>Z\u00edsk\u00e1n\u00ed z\u00e1ruky Well-Architected a financov\u00e1n\u00ed (WAFR Credit Program)<\/li>\n\n\n\n<li>Rychl\u00e9 zlep\u0161en\u00ed d\u00edky konkr\u00e9tn\u00edmu pl\u00e1nu n\u00e1pravn\u00fdch opat\u0159en\u00ed<\/li>\n<\/ul>\n<\/div>\n\n\n\n<div class=\"wp-block-group is-style-decorative-left is-vertical is-layout-flex wp-container-core-group-is-layout-37c386f8 wp-block-group-is-layout-flex\" style=\"padding-left:var(--wp--preset--spacing--xl)\">\n<div class=\"wp-block-group is-vertical is-layout-flex wp-container-core-group-is-layout-ccbee36c wp-block-group-is-layout-flex\">\n<h5 class=\"wp-block-heading has-accent-color has-text-color has-link-color wp-elements-55215041f4a6cb14c8ed6b4efd3a4f09\">Konzultace<\/h5>\n<\/div>\n\n\n\n<ul class=\"wp-block-list is-style-caret\">\n<li>&nbsp;Dlouholet\u00e9 zku\u0161enosti s komplexn\u00ed infrastrukturou ve ve\u0159ejn\u00e9 spr\u00e1v\u011b, zdravotnictv\u00ed a finan\u010dn\u00edm sektoru<\/li>\n\n\n\n<li>Znalost va\u0161eho IT prost\u0159ed\u00ed \u2013 od fyzick\u00fdch server\u016f p\u0159es hybridn\u00ed cloud a\u017e po cloud native<\/li>\n\n\n\n<li>Individu\u00e1ln\u00ed p\u0159\u00edstup k migraci i modernizaci<\/li>\n\n\n\n<li>Plynul\u00fd p\u0159echod do cloudu bez p\u0159eru\u0161en\u00ed provozu<\/li>\n<\/ul>\n<\/div>\n\n\n\n<p><\/p>\n\n\n\n<p><\/p>\n\n\n\n<p><\/p>\n\n\n\n<h2 class=\"wp-block-heading\">Spojte se s n\u00e1mi <\/h2>\n\n\n\n<p>Cht\u011bli byste se dozv\u011bd\u011bt v\u00edce o Amazon Web Services nebo pot\u0159ebujete pomoc?&nbsp;<br>Vypl\u0148te kontaktn\u00ed formul\u00e1\u0159 a n\u011bkter\u00fd z na\u0161ich obchodn\u00edch z\u00e1stupc\u016f v\u00e1s bude brzy kontaktovat.&nbsp;<\/p>\n\n\n\n<div class=\"wp-block-contact-form-7-contact-form-selector\">\n<div class=\"wpcf7 no-js\" id=\"wpcf7-f12-o1\" lang=\"sk-SK\" dir=\"ltr\" data-wpcf7-id=\"12\">\n<div class=\"screen-reader-response\"><p role=\"status\" aria-live=\"polite\" aria-atomic=\"true\"><\/p> <ul><\/ul><\/div>\n<form action=\"\/cs\/wp-json\/wp\/v2\/pages\/3151#wpcf7-f12-o1\" method=\"post\" class=\"wpcf7-form init\" aria-label=\"Kontaktn\u00ed formul\u00e1\u0159\" novalidate=\"novalidate\" data-status=\"init\" data-trp-original-action=\"\/cs\/wp-json\/wp\/v2\/pages\/3151#wpcf7-f12-o1\">\n<div style=\"display: none;\">\n<input type=\"hidden\" name=\"_wpcf7\" value=\"12\" \/>\n<input type=\"hidden\" name=\"_wpcf7_version\" value=\"6.0.5\" \/>\n<input type=\"hidden\" name=\"_wpcf7_locale\" value=\"sk_SK\" \/>\n<input type=\"hidden\" name=\"_wpcf7_unit_tag\" value=\"wpcf7-f12-o1\" \/>\n<input type=\"hidden\" name=\"_wpcf7_container_post\" value=\"0\" \/>\n<input type=\"hidden\" name=\"_wpcf7_posted_data_hash\" value=\"\" \/>\n<input type=\"hidden\" name=\"_wpcf7_recaptcha_response\" value=\"\" \/>\n<\/div>\n<div class=\"f-form f-form--cf7 a-flex a-gap-row--0 a-gap-col--m\">\n\t<div class=\"a-flex__item--100\">\n\t\t<div class=\"f-field a-field\">\n\t\t\t<label for=\"your-name\" class=\"f-label a-label\">Jm\u00e9no a p\u0159\u00edjmen\u00ed <abbr title=\"Povinn\u00e9\">&#10043;<\/abbr><\/label>\n          <span class=\"wpcf7-form-control-wrap\" data-name=\"your-name\"><input size=\"40\" maxlength=\"400\" class=\"wpcf7-form-control wpcf7-text wpcf7-validates-as-required\" id=\"your-name\" aria-required=\"true\" aria-invalid=\"false\" placeholder=\"Vypl\u0148te sv\u00e9 jm\u00e9no ...\" value=\"\" type=\"text\" name=\"your-name\" \/><\/span>\n\t\t<\/div>\n\t<\/div>\n\t<div class=\"a-flex__item--100\">\n\t\t<div class=\"f-field a-field\">\n\t\t\t<label for=\"your-company\" class=\"f-label a-label\">Spole\u010dnost<\/label>\n          <span class=\"wpcf7-form-control-wrap\" data-name=\"your-company\"><input size=\"40\" maxlength=\"400\" class=\"wpcf7-form-control wpcf7-text\" id=\"your-company\" aria-invalid=\"false\" placeholder=\"Zadejte n\u00e1zev spole\u010dnosti ...\" value=\"\" type=\"text\" name=\"your-company\" \/><\/span>\n\t\t<\/div>\n\t<\/div>\n\t<div class=\"a-flex__item--100\">\n\t\t<div class=\"f-field a-field\">\n\t\t\t<label for=\"your-email\" class=\"f-label a-label\">Email <abbr title=\"Povinn\u00e9\">&#10043;<\/abbr><\/label>\n          <span class=\"wpcf7-form-control-wrap\" data-name=\"your-email\"><input size=\"40\" maxlength=\"400\" class=\"wpcf7-form-control wpcf7-email wpcf7-validates-as-required wpcf7-text wpcf7-validates-as-email\" id=\"your-email\" aria-required=\"true\" aria-invalid=\"false\" placeholder=\"Vypl\u0148te sv\u016fj email ...\" value=\"\" type=\"email\" name=\"your-email\" \/><\/span>\n\t\t<\/div>\n\t<\/div>\n\t<div class=\"a-flex__item--100\">\n\t\t<div class=\"f-field a-field\">\n\t\t\t<label for=\"your-phone\" class=\"f-label a-label\">Telefon <abbr title=\"Povinn\u00e9\">&#10043;<\/abbr><\/label>\n          <span class=\"wpcf7-form-control-wrap\" data-name=\"your-phone\"><input size=\"40\" maxlength=\"400\" class=\"wpcf7-form-control wpcf7-text wpcf7-validates-as-required\" id=\"your-phone\" aria-required=\"true\" aria-invalid=\"false\" placeholder=\"Vypl\u0148te sv\u016fj telefon ...\" value=\"\" type=\"text\" name=\"your-phone\" \/><\/span>\n\t\t<\/div>\n\t<\/div>\n\t<div class=\"a-flex__item--100\">\n\t\t<div class=\"f-field f-field--message a-field\">\n\t\t\t<label for=\"your-message\" class=\"f-label a-label\">Zpr\u00e1va<\/label>\n          <span class=\"wpcf7-form-control-wrap\" data-name=\"your-message\"><textarea cols=\"40\" rows=\"3\" maxlength=\"2000\" class=\"wpcf7-form-control wpcf7-textarea\" id=\"your-message\" aria-invalid=\"false\" placeholder=\"Vypl\u0148te svou zpr\u00e1vu ...\" name=\"your-message\"><\/textarea><\/span>\n\t\t<\/div>\n\t<\/div>\n\t<div class=\"a-flex__item--100\">\n\t\t<div class=\"f-form__terms a-form__terms\">\n          Odesl\u00e1n\u00edm formul\u00e1\u0159e souhlas\u00edte se zpracov\u00e1n\u00edm osobn\u00edch \u00fadaj\u016f nezbytn\u00fdch pro zpracov\u00e1n\u00ed va\u0161eho dotazu.\n\t\t<\/div>\n\t<\/div>\n\t<div class=\"a-flex__item--100\">\n\t\t<div class=\"f-form__submit\">\n          <div class=\"wpcf7-response-output\" aria-hidden=\"true\"><\/div>\n          <input class=\"wpcf7-form-control wpcf7-submit has-spinner\" type=\"submit\" value=\"Odeslat\" \/>\n\t\t<\/div>\n\t<\/div>\n<\/div>\n<input type=\"hidden\" name=\"trp-form-language\" value=\"cs\"\/><\/form>\n<\/div>\n<\/div>","protected":false},"excerpt":{"rendered":"<p>V\u00e1\u0161 biznis v oblakoch \u2013 bezpe\u010dne, efekt\u00edvne, \u0161k\u00e1lovate\u013ene s Asseco CE Cloud. Sme certifikovan\u00fdm partnerom AWS a\u00a0pom\u00e1hame firm\u00e1m s\u00a0implement\u00e1ciou modernej cloudovej infra\u0161trukt\u00fary. V\u010faka siln\u00e9mu projektov\u00e9mu zast\u00fapeniu v\u00a0strednej Eur\u00f3pe sme partner, ktor\u00fd prin\u00e1\u0161a spo\u013eahliv\u00e9 cloudov\u00e9 rie\u0161enia \u0161it\u00e9 na mieru. Na\u0161a podpora zah\u0155\u0148a nielen &#8230;<\/p>","protected":false},"author":2,"featured_media":3234,"parent":7,"menu_order":0,"comment_status":"closed","ping_status":"closed","template":"","meta":{"_seopress_robots_primary_cat":"","_seopress_titles_title":"Amazon Web Services | Asseco CE Cloud","_seopress_titles_desc":"Poskytovan\u00e9 slu\u017eby Amazon Web Services \u2705 Rie\u0161enia na mieru \u2705 Certifikovan\u00fd partner Asseco CE Cloud.","_seopress_robots_index":"","inline_featured_image":false,"_uf_show_specific_survey":0,"_uf_disable_surveys":false,"footnotes":""},"class_list":["post-3151","page","type-page","status-publish","has-post-thumbnail","hentry"],"_links":{"self":[{"href":"https:\/\/asseco-ce.cloud\/cs\/wp-json\/wp\/v2\/pages\/3151","targetHints":{"allow":["GET"]}}],"collection":[{"href":"https:\/\/asseco-ce.cloud\/cs\/wp-json\/wp\/v2\/pages"}],"about":[{"href":"https:\/\/asseco-ce.cloud\/cs\/wp-json\/wp\/v2\/types\/page"}],"author":[{"embeddable":true,"href":"https:\/\/asseco-ce.cloud\/cs\/wp-json\/wp\/v2\/users\/2"}],"replies":[{"embeddable":true,"href":"https:\/\/asseco-ce.cloud\/cs\/wp-json\/wp\/v2\/comments?post=3151"}],"version-history":[{"count":90,"href":"https:\/\/asseco-ce.cloud\/cs\/wp-json\/wp\/v2\/pages\/3151\/revisions"}],"predecessor-version":[{"id":5734,"href":"https:\/\/asseco-ce.cloud\/cs\/wp-json\/wp\/v2\/pages\/3151\/revisions\/5734"}],"up":[{"embeddable":true,"href":"https:\/\/asseco-ce.cloud\/cs\/wp-json\/wp\/v2\/pages\/7"}],"wp:featuredmedia":[{"embeddable":true,"href":"https:\/\/asseco-ce.cloud\/cs\/wp-json\/wp\/v2\/media\/3234"}],"wp:attachment":[{"href":"https:\/\/asseco-ce.cloud\/cs\/wp-json\/wp\/v2\/media?parent=3151"}],"curies":[{"name":"wp","href":"https:\/\/api.w.org\/{rel}","templated":true}]}}