{"id":10,"date":"2023-06-16T22:59:41","date_gmt":"2023-06-16T20:59:41","guid":{"rendered":"https:\/\/www.asseco-ce.cloud\/?page_id=10"},"modified":"2025-07-14T14:00:31","modified_gmt":"2025-07-14T12:00:31","slug":"novinky","status":"publish","type":"page","link":"https:\/\/asseco-ce.cloud\/cs\/novinky\/","title":{"rendered":"Novinky"},"content":{"rendered":"<p class=\"is-style-default has-xl-font-size\"><\/p>\n\n\n\n<p><\/p>","protected":false},"excerpt":{"rendered":"","protected":false},"author":2,"featured_media":0,"parent":0,"menu_order":50,"comment_status":"closed","ping_status":"closed","template":"template-blog.php","meta":{"_seopress_robots_primary_cat":"","_seopress_titles_title":"Novinky | Asseco CE Cloud","_seopress_titles_desc":"Aktuality z diania Asseco CE Cloud \u2705 Novinky z IT sveta \u2705 Bu\u010fte v centre inov\u00e1ci\u00ed a IT trendov.","_seopress_robots_index":"","inline_featured_image":false,"_uf_show_specific_survey":0,"_uf_disable_surveys":false,"footnotes":""},"class_list":["post-10","page","type-page","status-publish","hentry"],"_links":{"self":[{"href":"https:\/\/asseco-ce.cloud\/cs\/wp-json\/wp\/v2\/pages\/10","targetHints":{"allow":["GET"]}}],"collection":[{"href":"https:\/\/asseco-ce.cloud\/cs\/wp-json\/wp\/v2\/pages"}],"about":[{"href":"https:\/\/asseco-ce.cloud\/cs\/wp-json\/wp\/v2\/types\/page"}],"author":[{"embeddable":true,"href":"https:\/\/asseco-ce.cloud\/cs\/wp-json\/wp\/v2\/users\/2"}],"replies":[{"embeddable":true,"href":"https:\/\/asseco-ce.cloud\/cs\/wp-json\/wp\/v2\/comments?post=10"}],"version-history":[{"count":9,"href":"https:\/\/asseco-ce.cloud\/cs\/wp-json\/wp\/v2\/pages\/10\/revisions"}],"predecessor-version":[{"id":2903,"href":"https:\/\/asseco-ce.cloud\/cs\/wp-json\/wp\/v2\/pages\/10\/revisions\/2903"}],"wp:attachment":[{"href":"https:\/\/asseco-ce.cloud\/cs\/wp-json\/wp\/v2\/media?parent=10"}],"curies":[{"name":"wp","href":"https:\/\/api.w.org\/{rel}","templated":true}]}}